{"id":8219,"date":"2021-12-17T20:55:47","date_gmt":"2021-12-17T20:55:47","guid":{"rendered":"https:\/\/giocarcaminhoes.com.br\/?post_type=product&#038;p=8219"},"modified":"2025-08-11T16:38:05","modified_gmt":"2025-08-11T19:38:05","slug":"mb-axor-3344-s-6x4","status":"publish","type":"product","link":"https:\/\/giocarcaminhoes.com.br\/?product=mb-axor-3344-s-6x4","title":{"rendered":"MB AXOR 3344 S 6&#215;4 CAVALO"},"content":{"rendered":"<h3>Opcionais<\/h3>\n<ul>\n<li>Selado<\/li>\n<li>Ar Condicionado<\/li>\n<li>Vidros Ele\u0301tricos<\/li>\n<li>Travas Ele\u0301tricas<\/li>\n<li>Retrovisores Ele\u0301tricos<\/li>\n<li>Bloqueio de Diferencial<\/li>\n<li>Freios ABS<\/li>\n<li>Motor: MB OM 457 LA \u2022 Blue Tec5 6 cil<\/li>\n<li>Cv: 439<\/li>\n<li>Transmissa\u0303o: MB G 330-12 Powershift Automatizada<\/li>\n<li>Trac\u0327ado 6&#215;4<\/li>\n<li>Extrema procede\u0302ncia!<\/li>\n<\/ul>\n<h3>Mais Informa\u00e7\u00f5es<\/h3>\n<p>***R$ 359.900 \u00e0 vista ou R$ sob consulta pra receber troca ***<\/p>\n<ul>\n<li><span id=\"j_id_jsp_294599825_1:obs\">Entre em contato que ser\u00e1 uma satisfa\u00e7\u00e3o atend\u00ea-lo!! <\/span><\/li>\n<li><span id=\"j_id_jsp_294599825_1:obs\">Vivo e Whats (46) 99115-3136 Fixo (46) 3223-1122<\/span><\/li>\n<\/ul>\n<a class=\"btn-whats-giocar\" href=\"#\" target=\"_blank\" rel=\"noopener nofollow\"\r\n   style=\"display:inline-block;background:#00006a;color:#fff;padding:12px 18px;border-radius:4px;font-weight:600;text-decoration:none\">\r\n  ENVIAR PROPOSTA DE COMPRA OU TROCA\r\n<\/a>\r\n<script>\r\n(function(){\r\n  var phone = \"5546991153136\";\r\n  var title = document.querySelector(\"h1.product_title,.product_title\")?.textContent?.trim() || document.title;\r\n  var msg = \"Ol\u00e1 pessoal da Giocar, tenho interesse no ve\u00edculo: \" + title + \" \" + location.href;\r\n  var wa  = \"https:\/\/api.whatsapp.com\/send?phone=\" + phone + \"&text=\" + encodeURIComponent(msg);\r\n  document.querySelectorAll(\".btn-whats-giocar\").forEach(function(btn){\r\n    btn.href = wa;\r\n  });\r\n})();\r\n<\/script>\r\n\n<p>&nbsp;<\/p>\n","protected":false},"excerpt":{"rendered":"<p>MB AXOR 3344 S 6&#215;4 Ano: 2015 Placa: FPS-***4 &#8211; PR U\u0301nico Dono Km: 206.005 Cor: Branca Combust\u00edvel: Diesel [sc&hellip;<\/p>\n","protected":false},"featured_media":8221,"template":"","meta":{"inline_featured_image":false},"product_brand":[],"product_cat":[48,62,60],"product_tag":[],"class_list":{"0":"post-8219","1":"product","2":"type-product","3":"status-publish","4":"has-post-thumbnail","6":"product_cat-caminhoes","7":"product_cat-cavalo-mecanico","8":"product_cat-truck","10":"first","11":"instock","12":"sale","13":"shipping-taxable","14":"purchasable","15":"product-type-simple","16":"thumb-has-effect","17":"prod-rating-on"},"_links":{"self":[{"href":"https:\/\/giocarcaminhoes.com.br\/index.php?rest_route=\/wp\/v2\/product\/8219","targetHints":{"allow":["GET"]}}],"collection":[{"href":"https:\/\/giocarcaminhoes.com.br\/index.php?rest_route=\/wp\/v2\/product"}],"about":[{"href":"https:\/\/giocarcaminhoes.com.br\/index.php?rest_route=\/wp\/v2\/types\/product"}],"wp:featuredmedia":[{"embeddable":true,"href":"https:\/\/giocarcaminhoes.com.br\/index.php?rest_route=\/wp\/v2\/media\/8221"}],"wp:attachment":[{"href":"https:\/\/giocarcaminhoes.com.br\/index.php?rest_route=%2Fwp%2Fv2%2Fmedia&parent=8219"}],"wp:term":[{"taxonomy":"product_brand","embeddable":true,"href":"https:\/\/giocarcaminhoes.com.br\/index.php?rest_route=%2Fwp%2Fv2%2Fproduct_brand&post=8219"},{"taxonomy":"product_cat","embeddable":true,"href":"https:\/\/giocarcaminhoes.com.br\/index.php?rest_route=%2Fwp%2Fv2%2Fproduct_cat&post=8219"},{"taxonomy":"product_tag","embeddable":true,"href":"https:\/\/giocarcaminhoes.com.br\/index.php?rest_route=%2Fwp%2Fv2%2Fproduct_tag&post=8219"}],"curies":[{"name":"wp","href":"https:\/\/api.w.org\/{rel}","templated":true}]}}