{"id":19552,"date":"2026-04-16T17:48:33","date_gmt":"2026-04-16T20:48:33","guid":{"rendered":"https:\/\/giocarcaminhoes.com.br\/?post_type=product&#038;p=19552"},"modified":"2026-04-16T18:04:13","modified_gmt":"2026-04-16T21:04:13","slug":"mb-la-1418-4x4","status":"publish","type":"product","link":"https:\/\/giocarcaminhoes.com.br\/?product=mb-la-1418-4x4","title":{"rendered":"MB LA 1418 4X4"},"content":{"rendered":"<h3>Opcionais<\/h3>\n<div dir=\"auto\">\n<ul>\n<li dir=\"auto\">Tapec\u0327aria nova na cor cinza<\/li>\n<li dir=\"auto\">Selos originais de f\u00e1brica<\/li>\n<li dir=\"auto\">4&#215;4 Revisado<\/li>\n<li dir=\"auto\">El\u00e9trica revisada<\/li>\n<li dir=\"auto\">Direc\u0327a\u0303o Hidra\u0301ulica<\/li>\n<li dir=\"auto\">Freios a\u0300 ar em todos os eixos<\/li>\n<li dir=\"auto\">Estaciona\u0301rio a\u0300 Ar<\/li>\n<li dir=\"auto\">Motor: MB OM 366 A 6 cil<\/li>\n<li dir=\"auto\">5.8 Litros<\/li>\n<li dir=\"auto\">Turbo<\/li>\n<li dir=\"auto\">Bomba injetora<\/li>\n<li dir=\"auto\">Cv: 184<\/li>\n<li dir=\"auto\">C\u00e2mbio 5 marchas<\/li>\n<li dir=\"auto\">Pneus sem camera 275\/80 R22.5<\/li>\n<li dir=\"auto\">Equipado com carroceria granel completa nas medidas:<\/li>\n<li dir=\"auto\">Comprimento: 6,33m<\/li>\n<li dir=\"auto\">Altura: 1,30m<\/li>\n<li dir=\"auto\">Largura: 2,45m<\/li>\n<\/ul>\n<\/div>\n<h3>Mais Informa\u00e7\u00f5es<\/h3>\n<p>***R$ 225.000,00 \u00e0 vista ou R$ sob consulta pra receber troca ***<\/p>\n<ul>\n<li><span id=\"j_id_jsp_294599825_1:obs\">Entre em contato que ser\u00e1 uma satisfa\u00e7\u00e3o atend\u00ea-lo!! <\/span><\/li>\n<li><span id=\"j_id_jsp_294599825_1:obs\">Vivo e Whats (46) 99115-3136 Fixo (46) 3223-1122<\/span><\/li>\n<\/ul>\n<a class=\"btn-whats-giocar\" href=\"#\" target=\"_blank\" rel=\"noopener nofollow\"\r\n   style=\"display:inline-block;background:#00006a;color:#fff;padding:12px 18px;border-radius:4px;font-weight:600;text-decoration:none\">\r\n  ENVIAR PROPOSTA DE COMPRA OU TROCA\r\n<\/a>\r\n<script>\r\n(function(){\r\n  var phone = \"5546991153136\";\r\n  var title = document.querySelector(\"h1.product_title,.product_title\")?.textContent?.trim() || document.title;\r\n  var msg = \"Ol\u00e1 pessoal da Giocar, tenho interesse no ve\u00edculo: \" + title + \" \" + location.href;\r\n  var wa  = \"https:\/\/api.whatsapp.com\/send?phone=\" + phone + \"&text=\" + encodeURIComponent(msg);\r\n  document.querySelectorAll(\".btn-whats-giocar\").forEach(function(btn){\r\n    btn.href = wa;\r\n  });\r\n})();\r\n<\/script>\r\n\n<p>&nbsp;<\/p>\n<div id=\"gtx-trans\" style=\"position: absolute;left: 804px;top: 947.5px\">\n<div class=\"gtx-trans-icon\"><\/div>\n<\/div>\n","protected":false},"excerpt":{"rendered":"<p>MB LA 1418 4&#215;4 Ano: 1996-1996 Placa: RYA-***4 54.361 Km Km original Combust\u00edvel: Diesel [sc name=\"whatsapp\"][\/sc]<\/p>\n","protected":false},"featured_media":19555,"template":"","meta":{"inline_featured_image":false},"product_brand":[],"product_cat":[48,61],"product_tag":[350,82,326,474,85,228,251],"class_list":{"0":"post-19552","1":"product","2":"type-product","3":"status-publish","4":"has-post-thumbnail","6":"product_cat-caminhoes","7":"product_cat-toco","8":"product_tag-350","9":"product_tag-4x4","10":"product_tag-graneleiro","11":"product_tag-la","12":"product_tag-mb","13":"product_tag-mercedes","14":"product_tag-toco","16":"first","17":"instock","18":"shipping-taxable","19":"purchasable","20":"product-type-simple","21":"thumb-has-effect","22":"prod-rating-on"},"_links":{"self":[{"href":"https:\/\/giocarcaminhoes.com.br\/index.php?rest_route=\/wp\/v2\/product\/19552","targetHints":{"allow":["GET"]}}],"collection":[{"href":"https:\/\/giocarcaminhoes.com.br\/index.php?rest_route=\/wp\/v2\/product"}],"about":[{"href":"https:\/\/giocarcaminhoes.com.br\/index.php?rest_route=\/wp\/v2\/types\/product"}],"wp:featuredmedia":[{"embeddable":true,"href":"https:\/\/giocarcaminhoes.com.br\/index.php?rest_route=\/wp\/v2\/media\/19555"}],"wp:attachment":[{"href":"https:\/\/giocarcaminhoes.com.br\/index.php?rest_route=%2Fwp%2Fv2%2Fmedia&parent=19552"}],"wp:term":[{"taxonomy":"product_brand","embeddable":true,"href":"https:\/\/giocarcaminhoes.com.br\/index.php?rest_route=%2Fwp%2Fv2%2Fproduct_brand&post=19552"},{"taxonomy":"product_cat","embeddable":true,"href":"https:\/\/giocarcaminhoes.com.br\/index.php?rest_route=%2Fwp%2Fv2%2Fproduct_cat&post=19552"},{"taxonomy":"product_tag","embeddable":true,"href":"https:\/\/giocarcaminhoes.com.br\/index.php?rest_route=%2Fwp%2Fv2%2Fproduct_tag&post=19552"}],"curies":[{"name":"wp","href":"https:\/\/api.w.org\/{rel}","templated":true}]}}