{"id":19502,"date":"2026-04-07T17:57:55","date_gmt":"2026-04-07T20:57:55","guid":{"rendered":"https:\/\/giocarcaminhoes.com.br\/?post_type=product&#038;p=19502"},"modified":"2026-04-07T18:13:47","modified_gmt":"2026-04-07T21:13:47","slug":"vw-9150-cummins-4x2-basculante","status":"publish","type":"product","link":"https:\/\/giocarcaminhoes.com.br\/?product=vw-9150-cummins-4x2-basculante","title":{"rendered":"VW 9150 CUMMINS 4X2 Basculante"},"content":{"rendered":"<h3>Opcionais<\/h3>\n<div dir=\"auto\">\n<div dir=\"auto\">\n<ul>\n<li dir=\"auto\">Cor: Amarelo Canary<\/li>\n<li dir=\"auto\">Baixa Km original<\/li>\n<li dir=\"auto\">Manual<\/li>\n<li dir=\"auto\">Esse modelo n\u00e3o usa arla<\/li>\n<li dir=\"auto\">Bancos originais para 3 tripulantes<\/li>\n<li dir=\"auto\">Piloto autom\u00e1tico<\/li>\n<li dir=\"auto\">Todos os selos e plaquetas originais<\/li>\n<li dir=\"auto\">Freio Motor<\/li>\n<li dir=\"auto\">Freios a ar<\/li>\n<li dir=\"auto\">Estacion\u00e1rio \u00e0 ar<\/li>\n<li dir=\"auto\">Dire\u00e7\u00e3o hidr\u00e1ulica<\/li>\n<li dir=\"auto\">Tape\u00e7aria nova na cor cinza<\/li>\n<li dir=\"auto\">Pneus sem c\u00e2mera 215\/75 R17.5<\/li>\n<li dir=\"auto\">Motor: Cummins Interact 4.0<\/li>\n<li dir=\"auto\">Turbo e Intercooler<\/li>\n<li dir=\"auto\">Cv: 150<\/li>\n<li dir=\"auto\">Transmissa\u0303o: Eaton FSO-4405 5 marchas<\/li>\n<li dir=\"auto\">Diferencial: Meritor MS 13-113HD<\/li>\n<li dir=\"auto\">Equipada com ca\u00e7amba com dois compartimentos e com tampas remov\u00edveis, acompanhada de plataforma pequena.<\/li>\n<\/ul>\n<\/div>\n<\/div>\n<h3>Mais Informa\u00e7\u00f5es<\/h3>\n<p>***R$ 220.000,00 \u00e0 vista ou R$ sob consulta pra receber troca ***<\/p>\n<ul>\n<li><span id=\"j_id_jsp_294599825_1:obs\">Entre em contato que ser\u00e1 uma satisfa\u00e7\u00e3o atend\u00ea-lo!! <\/span><\/li>\n<li><span id=\"j_id_jsp_294599825_1:obs\">Vivo e Whats (46) 99115-3136 Fixo (46) 3223-1122<\/span><\/li>\n<\/ul>\n<a class=\"btn-whats-giocar\" href=\"#\" target=\"_blank\" rel=\"noopener nofollow\"\r\n   style=\"display:inline-block;background:#00006a;color:#fff;padding:12px 18px;border-radius:4px;font-weight:600;text-decoration:none\">\r\n  ENVIAR PROPOSTA DE COMPRA OU TROCA\r\n<\/a>\r\n<script>\r\n(function(){\r\n  var phone = \"5546991153136\";\r\n  var title = document.querySelector(\"h1.product_title,.product_title\")?.textContent?.trim() || document.title;\r\n  var msg = \"Ol\u00e1 pessoal da Giocar, tenho interesse no ve\u00edculo: \" + title + \" \" + location.href;\r\n  var wa  = \"https:\/\/api.whatsapp.com\/send?phone=\" + phone + \"&text=\" + encodeURIComponent(msg);\r\n  document.querySelectorAll(\".btn-whats-giocar\").forEach(function(btn){\r\n    btn.href = wa;\r\n  });\r\n})();\r\n<\/script>\r\n\n<p>&nbsp;<\/p>\n","protected":false},"excerpt":{"rendered":"<p>VW 9.150 E CUMMINS 4&#215;2 Ano: 2009 &#8211; 2010 Placa: ATA-***4 Km: 193.402 [sc name=\"whatsapp\"][\/sc]<\/p>\n","protected":false},"featured_media":19504,"template":"","meta":{"inline_featured_image":false},"product_brand":[],"product_cat":[59,48],"product_tag":[203,202,144,287,109],"class_list":{"0":"post-19502","1":"product","2":"type-product","3":"status-publish","4":"has-post-thumbnail","6":"product_cat-3-4","7":"product_cat-caminhoes","8":"product_tag-9-150","9":"product_tag-202","10":"product_tag-basculante","11":"product_tag-cacamba","12":"product_tag-vw","14":"first","15":"instock","16":"shipping-taxable","17":"purchasable","18":"product-type-simple","19":"thumb-has-effect","20":"prod-rating-on"},"_links":{"self":[{"href":"https:\/\/giocarcaminhoes.com.br\/index.php?rest_route=\/wp\/v2\/product\/19502","targetHints":{"allow":["GET"]}}],"collection":[{"href":"https:\/\/giocarcaminhoes.com.br\/index.php?rest_route=\/wp\/v2\/product"}],"about":[{"href":"https:\/\/giocarcaminhoes.com.br\/index.php?rest_route=\/wp\/v2\/types\/product"}],"wp:featuredmedia":[{"embeddable":true,"href":"https:\/\/giocarcaminhoes.com.br\/index.php?rest_route=\/wp\/v2\/media\/19504"}],"wp:attachment":[{"href":"https:\/\/giocarcaminhoes.com.br\/index.php?rest_route=%2Fwp%2Fv2%2Fmedia&parent=19502"}],"wp:term":[{"taxonomy":"product_brand","embeddable":true,"href":"https:\/\/giocarcaminhoes.com.br\/index.php?rest_route=%2Fwp%2Fv2%2Fproduct_brand&post=19502"},{"taxonomy":"product_cat","embeddable":true,"href":"https:\/\/giocarcaminhoes.com.br\/index.php?rest_route=%2Fwp%2Fv2%2Fproduct_cat&post=19502"},{"taxonomy":"product_tag","embeddable":true,"href":"https:\/\/giocarcaminhoes.com.br\/index.php?rest_route=%2Fwp%2Fv2%2Fproduct_tag&post=19502"}],"curies":[{"name":"wp","href":"https:\/\/api.w.org\/{rel}","templated":true}]}}