{"id":19448,"date":"2026-04-01T18:08:09","date_gmt":"2026-04-01T21:08:09","guid":{"rendered":"https:\/\/giocarcaminhoes.com.br\/?post_type=product&#038;p=19448"},"modified":"2026-04-01T18:15:29","modified_gmt":"2026-04-01T21:15:29","slug":"kia-bongo-k2500-turbo","status":"publish","type":"product","link":"https:\/\/giocarcaminhoes.com.br\/?product=kia-bongo-k2500-turbo","title":{"rendered":"KIA BONGO K2500 TURBO"},"content":{"rendered":"<h3>Opcionais<\/h3>\n<div dir=\"auto\">\n<ul>\n<li dir=\"auto\">U\u0301nico Dono<\/li>\n<li dir=\"auto\">Km original<\/li>\n<li dir=\"auto\">Ar Condicionado<\/li>\n<li dir=\"auto\">Vidros el\u00e9tricos<\/li>\n<li dir=\"auto\">Freios ABS<\/li>\n<li dir=\"auto\">Todos os selos e plaquetas originais<\/li>\n<li dir=\"auto\">Dire\u00e7\u00e3o hidr\u00e1ulica<\/li>\n<li dir=\"auto\">Estofaria com banco pra tr\u00eas tripulantes<\/li>\n<li dir=\"auto\">Tape\u00e7aria na cor cinza grafite<\/li>\n<li dir=\"auto\">Pneus radiais sem c\u00e2mera 205\/70 R15<\/li>\n<li dir=\"auto\">Motor: D4CB 2.5L 4 cilindros<\/li>\n<li dir=\"auto\">Turbocompressor<\/li>\n<li dir=\"auto\">Inje\u00e7\u00e3o direta Common-rail Bosch<\/li>\n<li dir=\"auto\">Comando DOHC 16 v\u00e1lvulas<\/li>\n<li dir=\"auto\">Torque: 26 kgfm a 1500 rpm<\/li>\n<li dir=\"auto\">Cv: 130<\/li>\n<li dir=\"auto\">Consumo: 11 Km\/l<\/li>\n<li dir=\"auto\">Transmissa\u0303o: manual 6 marchas<\/li>\n<li dir=\"auto\">Carga \u00fatil: 1.795 Kg<\/li>\n<li dir=\"auto\">Equipada com carroceria baixa de estrutura de ferro e tampas de ferro com assoalho de madeira nas medida:<\/li>\n<li dir=\"auto\">Comprimento: 3,10m<\/li>\n<li dir=\"auto\">Altura: 0,40m<\/li>\n<li dir=\"auto\">Largura: 2,20m<\/li>\n<li dir=\"auto\">Este utilit\u00e1rio pode ser dirigido com a mesma CNH de autom\u00f3vel categoria B<\/li>\n<\/ul>\n<\/div>\n<h3>Mais Informa\u00e7\u00f5es<\/h3>\n<p>***R$ 145.000,00 \u00e0 vista ou R$ sob consulta pra receber troca.***<\/p>\n<ul>\n<li><span id=\"j_id_jsp_294599825_1:obs\">Entre em contato que ser\u00e1 uma satisfa\u00e7\u00e3o atend\u00ea-lo!! <\/span><\/li>\n<li><span id=\"j_id_jsp_294599825_1:obs\">Vivo e Whats (46) 99115-3128 Fixo (46) 3223-1122<\/span><\/li>\n<\/ul>\n","protected":false},"excerpt":{"rendered":"<p>KIA BONGO K2500 TURBO 4&#215;2 Ano: 2022 &#8211; 2023 Placa: GIX-***6 Km: 224.398 Combust\u00edvel: Diesel<\/p>\n","protected":false},"featured_media":19450,"template":"","meta":{"inline_featured_image":false},"product_brand":[],"product_cat":[59,48],"product_tag":[470,469,410],"class_list":{"0":"post-19448","1":"product","2":"type-product","3":"status-publish","4":"has-post-thumbnail","6":"product_cat-3-4","7":"product_cat-caminhoes","8":"product_tag-bongo","9":"product_tag-kia","10":"product_tag-utilitario","12":"first","13":"instock","14":"shipping-taxable","15":"purchasable","16":"product-type-simple","17":"thumb-has-effect","18":"prod-rating-on"},"_links":{"self":[{"href":"https:\/\/giocarcaminhoes.com.br\/index.php?rest_route=\/wp\/v2\/product\/19448","targetHints":{"allow":["GET"]}}],"collection":[{"href":"https:\/\/giocarcaminhoes.com.br\/index.php?rest_route=\/wp\/v2\/product"}],"about":[{"href":"https:\/\/giocarcaminhoes.com.br\/index.php?rest_route=\/wp\/v2\/types\/product"}],"wp:featuredmedia":[{"embeddable":true,"href":"https:\/\/giocarcaminhoes.com.br\/index.php?rest_route=\/wp\/v2\/media\/19450"}],"wp:attachment":[{"href":"https:\/\/giocarcaminhoes.com.br\/index.php?rest_route=%2Fwp%2Fv2%2Fmedia&parent=19448"}],"wp:term":[{"taxonomy":"product_brand","embeddable":true,"href":"https:\/\/giocarcaminhoes.com.br\/index.php?rest_route=%2Fwp%2Fv2%2Fproduct_brand&post=19448"},{"taxonomy":"product_cat","embeddable":true,"href":"https:\/\/giocarcaminhoes.com.br\/index.php?rest_route=%2Fwp%2Fv2%2Fproduct_cat&post=19448"},{"taxonomy":"product_tag","embeddable":true,"href":"https:\/\/giocarcaminhoes.com.br\/index.php?rest_route=%2Fwp%2Fv2%2Fproduct_tag&post=19448"}],"curies":[{"name":"wp","href":"https:\/\/api.w.org\/{rel}","templated":true}]}}