{"id":19384,"date":"2026-03-16T20:23:20","date_gmt":"2026-03-16T23:23:20","guid":{"rendered":"https:\/\/giocarcaminhoes.com.br\/?post_type=product&#038;p=19384"},"modified":"2026-03-16T20:34:36","modified_gmt":"2026-03-16T23:34:36","slug":"mb-atego-3030-8x2","status":"publish","type":"product","link":"https:\/\/giocarcaminhoes.com.br\/?product=mb-atego-3030-8x2","title":{"rendered":"MB ATEGO 3030 8X2"},"content":{"rendered":"<h3>Opcionais<\/h3>\n<div dir=\"auto\">\n<ul>\n<li dir=\"auto\">\u00danico Dono<\/li>\n<li dir=\"auto\">Todos os selos originais<\/li>\n<li dir=\"auto\">Plaquetas de identifica\u00e7\u00e3o originais<\/li>\n<li dir=\"auto\">Estrutura 100% original<\/li>\n<li dir=\"auto\">Ar Condicionado<\/li>\n<li dir=\"auto\">Interclima<\/li>\n<li dir=\"auto\">Banco a ar do motorista<\/li>\n<li dir=\"auto\">Vidros el\u00e9tricos<\/li>\n<li dir=\"auto\">Retrovisor el\u00e9trico<\/li>\n<li dir=\"auto\">Piloto autom\u00e1tico<\/li>\n<li dir=\"auto\">Direc\u0327a\u0303o Hidra\u0301ulica<\/li>\n<li dir=\"auto\">Freio motor<\/li>\n<li dir=\"auto\">Top Brake<\/li>\n<li dir=\"auto\">Freios a ar<\/li>\n<li dir=\"auto\">Estaciona\u0301rio a\u0300 ar<\/li>\n<li dir=\"auto\">Pneus 275\/80 R22.5 sem ca\u0302mera<\/li>\n<li dir=\"auto\">4\u00ba Eixo direcional de f\u00e1brica<\/li>\n<li dir=\"auto\">Truck balanceira<\/li>\n<li dir=\"auto\">Pneuma\u0301tico pra suspender eixo do truck<\/li>\n<li dir=\"auto\">Motor: MB OM-926 LA 6 cil<\/li>\n<li dir=\"auto\">BlueTec 5<\/li>\n<li dir=\"auto\">Turbo<\/li>\n<li dir=\"auto\">Intercooler<\/li>\n<li dir=\"auto\">Cv: 286<\/li>\n<li dir=\"auto\">C\u00e2mbio automatizado Power Shift<br \/>\nEssa transmiss\u00e3o \u00e9 conhecida por proporcionar trocas de marchas suaves e eficientes, melhorando o desempenho e a economia de combust\u00edvel.<\/li>\n<\/ul>\n<\/div>\n<h3>Mais Informa\u00e7\u00f5es<\/h3>\n<p>***R$ 323.000 a vista ou sob consulta para receber troca.***<\/p>\n<ul>\n<li><span id=\"j_id_jsp_294599825_1:obs\">Entre em contato que ser\u00e1 uma satisfa\u00e7\u00e3o atend\u00ea-lo!! <\/span><\/li>\n<li><span id=\"j_id_jsp_294599825_1:obs\">Vivo e Whats (46) 99115-3136 Fixo (46) 3223-1122<\/span><\/li>\n<\/ul>\n<a class=\"btn-whats-giocar\" href=\"#\" target=\"_blank\" rel=\"noopener nofollow\"\r\n   style=\"display:inline-block;background:#00006a;color:#fff;padding:12px 18px;border-radius:4px;font-weight:600;text-decoration:none\">\r\n  ENVIAR PROPOSTA DE COMPRA OU TROCA\r\n<\/a>\r\n<script>\r\n(function(){\r\n  var phone = \"5546991153136\";\r\n  var title = document.querySelector(\"h1.product_title,.product_title\")?.textContent?.trim() || document.title;\r\n  var msg = \"Ol\u00e1 pessoal da Giocar, tenho interesse no ve\u00edculo: \" + title + \" \" + location.href;\r\n  var wa  = \"https:\/\/api.whatsapp.com\/send?phone=\" + phone + \"&text=\" + encodeURIComponent(msg);\r\n  document.querySelectorAll(\".btn-whats-giocar\").forEach(function(btn){\r\n    btn.href = wa;\r\n  });\r\n})();\r\n<\/script>\r\n\n<p>&nbsp;<\/p>\n<div id=\"gtx-trans\" style=\"position: absolute;left: 807px;top: 993.643px\">\n<div class=\"gtx-trans-icon\"><\/div>\n<\/div>\n","protected":false},"excerpt":{"rendered":"<p>MB ATEGO 3030 8&#215;2 Ano: 2015-2016 Placa: QIG-***0 &#8211; PR Km: 562.261 \u00danico Dono Combust\u00edvel: Diesel [sc name=\"whatsapp\"][\/sc]<\/p>\n","protected":false},"featured_media":19387,"template":"","meta":{"inline_featured_image":false},"product_brand":[],"product_cat":[48,60],"product_tag":[468,102,205,85,228],"class_list":{"0":"post-19384","1":"product","2":"type-product","3":"status-publish","4":"has-post-thumbnail","6":"product_cat-caminhoes","7":"product_cat-truck","8":"product_tag-468","9":"product_tag-atego","10":"product_tag-bitruck","11":"product_tag-mb","12":"product_tag-mercedes","14":"first","15":"instock","16":"sale","17":"shipping-taxable","18":"purchasable","19":"product-type-simple","20":"thumb-has-effect","21":"prod-rating-on"},"_links":{"self":[{"href":"https:\/\/giocarcaminhoes.com.br\/index.php?rest_route=\/wp\/v2\/product\/19384","targetHints":{"allow":["GET"]}}],"collection":[{"href":"https:\/\/giocarcaminhoes.com.br\/index.php?rest_route=\/wp\/v2\/product"}],"about":[{"href":"https:\/\/giocarcaminhoes.com.br\/index.php?rest_route=\/wp\/v2\/types\/product"}],"wp:featuredmedia":[{"embeddable":true,"href":"https:\/\/giocarcaminhoes.com.br\/index.php?rest_route=\/wp\/v2\/media\/19387"}],"wp:attachment":[{"href":"https:\/\/giocarcaminhoes.com.br\/index.php?rest_route=%2Fwp%2Fv2%2Fmedia&parent=19384"}],"wp:term":[{"taxonomy":"product_brand","embeddable":true,"href":"https:\/\/giocarcaminhoes.com.br\/index.php?rest_route=%2Fwp%2Fv2%2Fproduct_brand&post=19384"},{"taxonomy":"product_cat","embeddable":true,"href":"https:\/\/giocarcaminhoes.com.br\/index.php?rest_route=%2Fwp%2Fv2%2Fproduct_cat&post=19384"},{"taxonomy":"product_tag","embeddable":true,"href":"https:\/\/giocarcaminhoes.com.br\/index.php?rest_route=%2Fwp%2Fv2%2Fproduct_tag&post=19384"}],"curies":[{"name":"wp","href":"https:\/\/api.w.org\/{rel}","templated":true}]}}