{"id":19335,"date":"2026-02-27T15:56:46","date_gmt":"2026-02-27T18:56:46","guid":{"rendered":"https:\/\/giocarcaminhoes.com.br\/?post_type=product&#038;p=19335"},"modified":"2026-02-27T16:00:16","modified_gmt":"2026-02-27T19:00:16","slug":"vw-13160-6x2","status":"publish","type":"product","link":"https:\/\/giocarcaminhoes.com.br\/?product=vw-13160-6x2","title":{"rendered":"VW 13160 6X2"},"content":{"rendered":"<h3>Opcionais<\/h3>\n<div dir=\"auto\">\n<div dir=\"auto\">\n<ul>\n<li dir=\"auto\">Km Original<\/li>\n<li dir=\"auto\">Padr\u00e3o Giocar (selada, lacrada)<\/li>\n<li dir=\"auto\">Todas as plaquetas originais<\/li>\n<li dir=\"auto\">Selos originais<\/li>\n<li dir=\"auto\">Vidros originais<\/li>\n<li dir=\"auto\">Tac\u00f3grafo<\/li>\n<li dir=\"auto\">Freio Motor<\/li>\n<li dir=\"auto\">Freios a ar<\/li>\n<li dir=\"auto\">Estacion\u00e1rio \u00e0 ar<\/li>\n<li dir=\"auto\">Dire\u00e7\u00e3o hidr\u00e1ulica<\/li>\n<li dir=\"auto\">Piloto autom\u00e1tico<\/li>\n<li dir=\"auto\">Tape\u00e7aria nova<\/li>\n<li dir=\"auto\">Pneus sem c\u00e2mera 235\/75 R17.5<\/li>\n<li dir=\"auto\">Motor: Cummins ISF 160 SCR 3.8 Litros<\/li>\n<li dir=\"auto\">Turbo e Intercooler de f\u00e1brica<\/li>\n<li dir=\"auto\">4 cilindros<\/li>\n<li dir=\"auto\">Cv: 162<\/li>\n<li dir=\"auto\">C\u00e2mbio: ZF de 6 marchas a frente e 1 a r\u00e9<\/li>\n<li dir=\"auto\">Equipada com ba\u00fa nas medidas:<\/li>\n<li dir=\"auto\">Comprimento: 8,50m<\/li>\n<li dir=\"auto\">Altura: 2,60m<\/li>\n<li dir=\"auto\">Largura: 2,30m<\/li>\n<li dir=\"auto\">Entre eixo: 5,56m<\/li>\n<li dir=\"auto\">PBT: 13.700 Kg<\/li>\n<\/ul>\n<\/div>\n<\/div>\n<h3>Mais Informa\u00e7\u00f5es<\/h3>\n<p>***R$ 270.000,00 \u00e0 vista ou R$ sob consulta pra receber troca ***<\/p>\n<ul>\n<li><span id=\"j_id_jsp_294599825_1:obs\">Entre em contato que ser\u00e1 uma satisfa\u00e7\u00e3o atend\u00ea-lo!! <\/span><\/li>\n<li><span id=\"j_id_jsp_294599825_1:obs\">Vivo e Whats (46) 99115-3136 Fixo (46) 3223-1122<\/span><\/li>\n<\/ul>\n<a class=\"btn-whats-giocar\" href=\"#\" target=\"_blank\" rel=\"noopener nofollow\"\r\n   style=\"display:inline-block;background:#00006a;color:#fff;padding:12px 18px;border-radius:4px;font-weight:600;text-decoration:none\">\r\n  ENVIAR PROPOSTA DE COMPRA OU TROCA\r\n<\/a>\r\n<script>\r\n(function(){\r\n  var phone = \"5546991153136\";\r\n  var title = document.querySelector(\"h1.product_title,.product_title\")?.textContent?.trim() || document.title;\r\n  var msg = \"Ol\u00e1 pessoal da Giocar, tenho interesse no ve\u00edculo: \" + title + \" \" + location.href;\r\n  var wa  = \"https:\/\/api.whatsapp.com\/send?phone=\" + phone + \"&text=\" + encodeURIComponent(msg);\r\n  document.querySelectorAll(\".btn-whats-giocar\").forEach(function(btn){\r\n    btn.href = wa;\r\n  });\r\n})();\r\n<\/script>\r\n\n<p>&nbsp;<\/p>\n","protected":false},"excerpt":{"rendered":"<p>VW 13.160 6&#215;2 Ano: 2017 &#8211; 2018 Placa: QCQ-***9 Km: 82.801 [sc name=\"whatsapp\"][\/sc]<\/p>\n","protected":false},"featured_media":19337,"template":"","meta":{"inline_featured_image":false},"product_brand":[],"product_cat":[59,48],"product_tag":[467,200,357,109],"class_list":{"0":"post-19335","1":"product","2":"type-product","3":"status-publish","4":"has-post-thumbnail","6":"product_cat-3-4","7":"product_cat-caminhoes","8":"product_tag-467","9":"product_tag-bau","10":"product_tag-trucadinha","11":"product_tag-vw","13":"first","14":"instock","15":"shipping-taxable","16":"purchasable","17":"product-type-simple","18":"thumb-has-effect","19":"prod-rating-on"},"_links":{"self":[{"href":"https:\/\/giocarcaminhoes.com.br\/index.php?rest_route=\/wp\/v2\/product\/19335","targetHints":{"allow":["GET"]}}],"collection":[{"href":"https:\/\/giocarcaminhoes.com.br\/index.php?rest_route=\/wp\/v2\/product"}],"about":[{"href":"https:\/\/giocarcaminhoes.com.br\/index.php?rest_route=\/wp\/v2\/types\/product"}],"wp:featuredmedia":[{"embeddable":true,"href":"https:\/\/giocarcaminhoes.com.br\/index.php?rest_route=\/wp\/v2\/media\/19337"}],"wp:attachment":[{"href":"https:\/\/giocarcaminhoes.com.br\/index.php?rest_route=%2Fwp%2Fv2%2Fmedia&parent=19335"}],"wp:term":[{"taxonomy":"product_brand","embeddable":true,"href":"https:\/\/giocarcaminhoes.com.br\/index.php?rest_route=%2Fwp%2Fv2%2Fproduct_brand&post=19335"},{"taxonomy":"product_cat","embeddable":true,"href":"https:\/\/giocarcaminhoes.com.br\/index.php?rest_route=%2Fwp%2Fv2%2Fproduct_cat&post=19335"},{"taxonomy":"product_tag","embeddable":true,"href":"https:\/\/giocarcaminhoes.com.br\/index.php?rest_route=%2Fwp%2Fv2%2Fproduct_tag&post=19335"}],"curies":[{"name":"wp","href":"https:\/\/api.w.org\/{rel}","templated":true}]}}