{"id":19206,"date":"2026-02-04T15:45:08","date_gmt":"2026-02-04T18:45:08","guid":{"rendered":"https:\/\/giocarcaminhoes.com.br\/?post_type=product&#038;p=19206"},"modified":"2026-02-04T15:51:20","modified_gmt":"2026-02-04T18:51:20","slug":"vw-5150-4x2-com-bau","status":"publish","type":"product","link":"https:\/\/giocarcaminhoes.com.br\/?product=vw-5150-4x2-com-bau","title":{"rendered":"VW 5150 4X2 COM BAU"},"content":{"rendered":"<h3>Opcionais<\/h3>\n<div dir=\"auto\">\n<div dir=\"auto\">\n<ul>\n<li dir=\"auto\">Km original<\/li>\n<li dir=\"auto\">Todos os selos e plaquetas originais<\/li>\n<li dir=\"auto\">Manual<\/li>\n<li dir=\"auto\">Freios misto<\/li>\n<li dir=\"auto\">Interclima<\/li>\n<li dir=\"auto\">Dire\u00e7\u00e3o hidr\u00e1ulica<\/li>\n<li dir=\"auto\">Sof\u00e1 cama<\/li>\n<li dir=\"auto\">Tape\u00e7aria nova na cor grafite<\/li>\n<li dir=\"auto\">Pneus sem c\u00e2mera 215\/75 R17.5<\/li>\n<li dir=\"auto\">Motor: Cummins ISF 150 4 cilindros<\/li>\n<li dir=\"auto\">Turbo e Intercooler<\/li>\n<li dir=\"auto\">Cv: 150<\/li>\n<li dir=\"auto\">Sistema de inje\u00e7\u00e3o Common rail<\/li>\n<li dir=\"auto\">Transmissa\u0303o: ZF S5-420 HD 5 marchas<\/li>\n<li dir=\"auto\">Diferencial: Dana 267<\/li>\n<li dir=\"auto\">Equipada com p\u00e1ra-choque articulado traseiro<\/li>\n<li dir=\"auto\">Comprimento chassi: 5,10m<\/li>\n<li dir=\"auto\">Entre eixo: 3,85m<\/li>\n<li dir=\"auto\">Est\u00e1 pronta legalizada para ba\u00fa<\/li>\n<li dir=\"auto\">Bau nas medidas<\/li>\n<li dir=\"auto\">Comprimento: 5,03m<\/li>\n<li dir=\"auto\">Altura: 2,30m<\/li>\n<li dir=\"auto\">Largura: 2,30m<\/li>\n<li dir=\"auto\">Entre eixo: 3,85m<\/li>\n<\/ul>\n<\/div>\n<\/div>\n<h3>Mais Informa\u00e7\u00f5es<\/h3>\n<p>***R$ 157.000,00 \u00e0 vista ou R$ sob consulta pra receber troca ***<\/p>\n<ul>\n<li><span id=\"j_id_jsp_294599825_1:obs\">Entre em contato que ser\u00e1 uma satisfa\u00e7\u00e3o atend\u00ea-lo!! <\/span><\/li>\n<li><span id=\"j_id_jsp_294599825_1:obs\">Vivo e Whats (46) 99115-3136 Fixo (46) 3223-1122<\/span><\/li>\n<\/ul>\n<a class=\"btn-whats-giocar\" href=\"#\" target=\"_blank\" rel=\"noopener nofollow\"\r\n   style=\"display:inline-block;background:#00006a;color:#fff;padding:12px 18px;border-radius:4px;font-weight:600;text-decoration:none\">\r\n  ENVIAR PROPOSTA DE COMPRA OU TROCA\r\n<\/a>\r\n<script>\r\n(function(){\r\n  var phone = \"5546991153136\";\r\n  var title = document.querySelector(\"h1.product_title,.product_title\")?.textContent?.trim() || document.title;\r\n  var msg = \"Ol\u00e1 pessoal da Giocar, tenho interesse no ve\u00edculo: \" + title + \" \" + location.href;\r\n  var wa  = \"https:\/\/api.whatsapp.com\/send?phone=\" + phone + \"&text=\" + encodeURIComponent(msg);\r\n  document.querySelectorAll(\".btn-whats-giocar\").forEach(function(btn){\r\n    btn.href = wa;\r\n  });\r\n})();\r\n<\/script>\r\n\n<p>&nbsp;<\/p>\n","protected":false},"excerpt":{"rendered":"<p>VW 5.150 4&#215;2 Ano: 2013 &#8211; 2013 Placa: MLC-***2 Km: 362.934 [sc name=\"whatsapp\"][\/sc]<\/p>\n","protected":false},"featured_media":19210,"template":"","meta":{"inline_featured_image":false},"product_brand":[],"product_cat":[59,48],"product_tag":[455,454,200,224,109],"class_list":{"0":"post-19206","1":"product","2":"type-product","3":"status-publish","4":"has-post-thumbnail","6":"product_cat-3-4","7":"product_cat-caminhoes","8":"product_tag-5-150","9":"product_tag-454","10":"product_tag-bau","11":"product_tag-carroceria","12":"product_tag-vw","14":"first","15":"instock","16":"shipping-taxable","17":"purchasable","18":"product-type-simple","19":"thumb-has-effect","20":"prod-rating-on"},"_links":{"self":[{"href":"https:\/\/giocarcaminhoes.com.br\/index.php?rest_route=\/wp\/v2\/product\/19206","targetHints":{"allow":["GET"]}}],"collection":[{"href":"https:\/\/giocarcaminhoes.com.br\/index.php?rest_route=\/wp\/v2\/product"}],"about":[{"href":"https:\/\/giocarcaminhoes.com.br\/index.php?rest_route=\/wp\/v2\/types\/product"}],"wp:featuredmedia":[{"embeddable":true,"href":"https:\/\/giocarcaminhoes.com.br\/index.php?rest_route=\/wp\/v2\/media\/19210"}],"wp:attachment":[{"href":"https:\/\/giocarcaminhoes.com.br\/index.php?rest_route=%2Fwp%2Fv2%2Fmedia&parent=19206"}],"wp:term":[{"taxonomy":"product_brand","embeddable":true,"href":"https:\/\/giocarcaminhoes.com.br\/index.php?rest_route=%2Fwp%2Fv2%2Fproduct_brand&post=19206"},{"taxonomy":"product_cat","embeddable":true,"href":"https:\/\/giocarcaminhoes.com.br\/index.php?rest_route=%2Fwp%2Fv2%2Fproduct_cat&post=19206"},{"taxonomy":"product_tag","embeddable":true,"href":"https:\/\/giocarcaminhoes.com.br\/index.php?rest_route=%2Fwp%2Fv2%2Fproduct_tag&post=19206"}],"curies":[{"name":"wp","href":"https:\/\/api.w.org\/{rel}","templated":true}]}}