{"id":19172,"date":"2026-01-22T20:37:15","date_gmt":"2026-01-22T23:37:15","guid":{"rendered":"https:\/\/giocarcaminhoes.com.br\/?post_type=product&#038;p=19172"},"modified":"2026-02-11T16:43:33","modified_gmt":"2026-02-11T19:43:33","slug":"mb-accelo-815-4x2-boiadeira","status":"publish","type":"product","link":"https:\/\/giocarcaminhoes.com.br\/?product=mb-accelo-815-4x2-boiadeira","title":{"rendered":"MB ACCELO 815 4X2 Boiadeira"},"content":{"rendered":"<h3>Opcionais<\/h3>\n<div dir=\"auto\">\n<div dir=\"auto\">\n<ul>\n<li dir=\"auto\">U\u0301nico Dono<\/li>\n<li dir=\"auto\">Baixa Km original<\/li>\n<li dir=\"auto\">Era bau fazendo entrega de medicamentos<\/li>\n<li dir=\"auto\">Selos e plaquetas originais<\/li>\n<li dir=\"auto\">Freio Motor original<\/li>\n<li dir=\"auto\">Freios a ar<\/li>\n<li dir=\"auto\">Estacion\u00e1rio \u00e0 ar<\/li>\n<li dir=\"auto\">Dire\u00e7\u00e3o hidr\u00e1ulica<\/li>\n<li dir=\"auto\">Bancos para 3 tripulantes<\/li>\n<li dir=\"auto\">Tape\u00e7aria nova na cor grafite<\/li>\n<li dir=\"auto\">Pneus sem c\u00e2mera 215\/75 R17.5<\/li>\n<li dir=\"auto\">Motor: MB OM 924 LA \u2022 BlueTec5 \u2022 4,8Lts<\/li>\n<li dir=\"auto\">4 Cilindros em linha<\/li>\n<li dir=\"auto\">Turbo e Intercooler<\/li>\n<li dir=\"auto\">Cv: 156<\/li>\n<li dir=\"auto\">Transmissa\u0303o: Eaton FSO-4505A 5 marchas<\/li>\n<li dir=\"auto\">Diferencial: Mercedes MB HL 2<\/li>\n<li dir=\"auto\">Equipada com boiadeira nova<\/li>\n<li dir=\"auto\">Comprimento: 6,15m<\/li>\n<li dir=\"auto\">Altura: 1,95m<\/li>\n<li dir=\"auto\">Largura: 2,20m<\/li>\n<li dir=\"auto\">Entre eixo: 4,40m<\/li>\n<li dir=\"auto\">Est\u00e1 legalizado pra ba\u00fa no documento, mas entregamos com vistoria do Inmetro feita legalizada carroceria boiadeira<\/li>\n<\/ul>\n<\/div>\n<\/div>\n<h3>Mais Informa\u00e7\u00f5es<\/h3>\n<p>***R$ 220.000,00 \u00e0 vista ou R$ sob consulta pra receber troca ***<\/p>\n<ul>\n<li><span id=\"j_id_jsp_294599825_1:obs\">Entre em contato que ser\u00e1 uma satisfa\u00e7\u00e3o atend\u00ea-lo!! <\/span><\/li>\n<li><span id=\"j_id_jsp_294599825_1:obs\">Vivo e Whats (46) 99115-3136 Fixo (46) 3223-1122<\/span><\/li>\n<\/ul>\n<a class=\"btn-whats-giocar\" href=\"#\" target=\"_blank\" rel=\"noopener nofollow\"\r\n   style=\"display:inline-block;background:#00006a;color:#fff;padding:12px 18px;border-radius:4px;font-weight:600;text-decoration:none\">\r\n  ENVIAR PROPOSTA DE COMPRA OU TROCA\r\n<\/a>\r\n<script>\r\n(function(){\r\n  var phone = \"5546991153136\";\r\n  var title = document.querySelector(\"h1.product_title,.product_title\")?.textContent?.trim() || document.title;\r\n  var msg = \"Ol\u00e1 pessoal da Giocar, tenho interesse no ve\u00edculo: \" + title + \" \" + location.href;\r\n  var wa  = \"https:\/\/api.whatsapp.com\/send?phone=\" + phone + \"&text=\" + encodeURIComponent(msg);\r\n  document.querySelectorAll(\".btn-whats-giocar\").forEach(function(btn){\r\n    btn.href = wa;\r\n  });\r\n})();\r\n<\/script>\r\n\n<p>&nbsp;<\/p>\n","protected":false},"excerpt":{"rendered":"<p>MB ACCELO 815 4&#215;2 Ano: 2012 &#8211; 2012 Placa: MMM-***2 Km: 232.208 [sc name=\"whatsapp\"][\/sc]<\/p>\n","protected":false},"featured_media":19175,"template":"","meta":{"inline_featured_image":false},"product_brand":[],"product_cat":[59,48],"product_tag":[193,323,329,224,85,228],"class_list":{"0":"post-19172","1":"product","2":"type-product","3":"status-publish","4":"has-post-thumbnail","6":"product_cat-3-4","7":"product_cat-caminhoes","8":"product_tag-193","9":"product_tag-accelo","10":"product_tag-boiadeira","11":"product_tag-carroceria","12":"product_tag-mb","13":"product_tag-mercedes","15":"first","16":"instock","17":"shipping-taxable","18":"purchasable","19":"product-type-simple","20":"thumb-has-effect","21":"prod-rating-on"},"_links":{"self":[{"href":"https:\/\/giocarcaminhoes.com.br\/index.php?rest_route=\/wp\/v2\/product\/19172","targetHints":{"allow":["GET"]}}],"collection":[{"href":"https:\/\/giocarcaminhoes.com.br\/index.php?rest_route=\/wp\/v2\/product"}],"about":[{"href":"https:\/\/giocarcaminhoes.com.br\/index.php?rest_route=\/wp\/v2\/types\/product"}],"wp:featuredmedia":[{"embeddable":true,"href":"https:\/\/giocarcaminhoes.com.br\/index.php?rest_route=\/wp\/v2\/media\/19175"}],"wp:attachment":[{"href":"https:\/\/giocarcaminhoes.com.br\/index.php?rest_route=%2Fwp%2Fv2%2Fmedia&parent=19172"}],"wp:term":[{"taxonomy":"product_brand","embeddable":true,"href":"https:\/\/giocarcaminhoes.com.br\/index.php?rest_route=%2Fwp%2Fv2%2Fproduct_brand&post=19172"},{"taxonomy":"product_cat","embeddable":true,"href":"https:\/\/giocarcaminhoes.com.br\/index.php?rest_route=%2Fwp%2Fv2%2Fproduct_cat&post=19172"},{"taxonomy":"product_tag","embeddable":true,"href":"https:\/\/giocarcaminhoes.com.br\/index.php?rest_route=%2Fwp%2Fv2%2Fproduct_tag&post=19172"}],"curies":[{"name":"wp","href":"https:\/\/api.w.org\/{rel}","templated":true}]}}