{"id":19138,"date":"2026-01-22T20:03:40","date_gmt":"2026-01-22T23:03:40","guid":{"rendered":"https:\/\/giocarcaminhoes.com.br\/?post_type=product&#038;p=19138"},"modified":"2026-01-22T20:08:42","modified_gmt":"2026-01-22T23:08:42","slug":"mb-atego-2428-6x2","status":"publish","type":"product","link":"https:\/\/giocarcaminhoes.com.br\/?product=mb-atego-2428-6x2","title":{"rendered":"MB ATEGO 2428 6X2"},"content":{"rendered":"<h3>Opcionais<\/h3>\n<div dir=\"auto\">\n<ul>\n<li dir=\"auto\">Baixa Km original<\/li>\n<li dir=\"auto\">Qualidade 10<\/li>\n<li dir=\"auto\">Cabine avan\u00e7ada<\/li>\n<li dir=\"auto\">Cama<\/li>\n<li dir=\"auto\">Banco motorista a ar<\/li>\n<li dir=\"auto\">Selado<\/li>\n<li dir=\"auto\">Plaquetas originais<\/li>\n<li dir=\"auto\">Tape\u00e7aria na cor azul com preto<\/li>\n<li dir=\"auto\">Top Brake<\/li>\n<li dir=\"auto\">Freio motor<\/li>\n<li dir=\"auto\">Freios a ar<\/li>\n<li dir=\"auto\">Estacion\u00e1rio \u00e0 ar<\/li>\n<li dir=\"auto\">Direc\u0327a\u0303o Hidra\u0301ulica<\/li>\n<li dir=\"auto\">Regulagem volante<\/li>\n<li dir=\"auto\">Pneus sem c\u00e2mara nas medidas 275\/80 R22.5<\/li>\n<li dir=\"auto\">Truck de fa\u0301brica<\/li>\n<li dir=\"auto\">Suspensor pra levantar eixo do truck<\/li>\n<li dir=\"auto\">Motor: MB OM 926 LA \u2022 6 cilindros<\/li>\n<li dir=\"auto\">1 unidade injetora por cilindro<\/li>\n<li dir=\"auto\">Turbo e Intercooler<\/li>\n<li dir=\"auto\">N\u00e3o usa arla<\/li>\n<li dir=\"auto\">Cv: 279<\/li>\n<li dir=\"auto\">C\u00e2mbio: Manual MB GD 131-9<\/li>\n<li dir=\"auto\">1 Crawler (trator) + 8 marchas<\/li>\n<li dir=\"auto\">Tomada de for\u00e7a<\/li>\n<li dir=\"auto\">Equipado com basculante marca ROSSETI pra 10m3 no ferro e 12m3 com fominha<\/li>\n<li dir=\"auto\">Pist\u00e3o frontal<\/li>\n<li dir=\"auto\">Conjunto hidr\u00e1ulico Hyva<\/li>\n<li dir=\"auto\">Medidas ca\u00e7amba no ferro:<\/li>\n<li dir=\"auto\">Comprimento: 4,65m<\/li>\n<li dir=\"auto\">Altura: 1,00m<\/li>\n<li dir=\"auto\">Largura: 2,50m<\/li>\n<li dir=\"auto\">Entre eixo: 3,60m<\/li>\n<\/ul>\n<\/div>\n<h3>Mais Informa\u00e7\u00f5es<\/h3>\n<p>***R$ 325.000,00 \u00e0 vista ou R$ sob consulta pra receber troca.***<\/p>\n<ul>\n<li><span id=\"j_id_jsp_294599825_1:obs\">Entre em contato que ser\u00e1 uma satisfa\u00e7\u00e3o atend\u00ea-lo!! <\/span><\/li>\n<li><span id=\"j_id_jsp_294599825_1:obs\">Vivo e Whats (46) 99115-3136 Fixo (46) 3223-1122<\/span><\/li>\n<\/ul>\n<a class=\"btn-whats-giocar\" href=\"#\" target=\"_blank\" rel=\"noopener nofollow\"\r\n   style=\"display:inline-block;background:#00006a;color:#fff;padding:12px 18px;border-radius:4px;font-weight:600;text-decoration:none\">\r\n  ENVIAR PROPOSTA DE COMPRA OU TROCA\r\n<\/a>\r\n<script>\r\n(function(){\r\n  var phone = \"5546991153136\";\r\n  var title = document.querySelector(\"h1.product_title,.product_title\")?.textContent?.trim() || document.title;\r\n  var msg = \"Ol\u00e1 pessoal da Giocar, tenho interesse no ve\u00edculo: \" + title + \" \" + location.href;\r\n  var wa  = \"https:\/\/api.whatsapp.com\/send?phone=\" + phone + \"&text=\" + encodeURIComponent(msg);\r\n  document.querySelectorAll(\".btn-whats-giocar\").forEach(function(btn){\r\n    btn.href = wa;\r\n  });\r\n})();\r\n<\/script>\r\n\n<p>&nbsp;<\/p>\n<div id=\"gtx-trans\" style=\"position: absolute;left: 807px;top: 993.643px\">\n<div class=\"gtx-trans-icon\"><\/div>\n<\/div>\n","protected":false},"excerpt":{"rendered":"<p>MB ATEGO 2428 6&#215;2 Ano: 2011 &#8211; 2011 Placa: EKS-***1 &#8211; SC Km: 205.108 Combust\u00edvel: Diesel [sc name=\"whatsapp\"][\/sc]<\/p>\n","protected":false},"featured_media":19140,"template":"","meta":{"inline_featured_image":false},"product_brand":[],"product_cat":[48,60],"product_tag":[184,102,144,287,85,209],"class_list":{"0":"post-19138","1":"product","2":"type-product","3":"status-publish","4":"has-post-thumbnail","6":"product_cat-caminhoes","7":"product_cat-truck","8":"product_tag-184","9":"product_tag-atego","10":"product_tag-basculante","11":"product_tag-cacamba","12":"product_tag-mb","13":"product_tag-truck","15":"first","16":"instock","17":"shipping-taxable","18":"purchasable","19":"product-type-simple","20":"thumb-has-effect","21":"prod-rating-on"},"_links":{"self":[{"href":"https:\/\/giocarcaminhoes.com.br\/index.php?rest_route=\/wp\/v2\/product\/19138","targetHints":{"allow":["GET"]}}],"collection":[{"href":"https:\/\/giocarcaminhoes.com.br\/index.php?rest_route=\/wp\/v2\/product"}],"about":[{"href":"https:\/\/giocarcaminhoes.com.br\/index.php?rest_route=\/wp\/v2\/types\/product"}],"wp:featuredmedia":[{"embeddable":true,"href":"https:\/\/giocarcaminhoes.com.br\/index.php?rest_route=\/wp\/v2\/media\/19140"}],"wp:attachment":[{"href":"https:\/\/giocarcaminhoes.com.br\/index.php?rest_route=%2Fwp%2Fv2%2Fmedia&parent=19138"}],"wp:term":[{"taxonomy":"product_brand","embeddable":true,"href":"https:\/\/giocarcaminhoes.com.br\/index.php?rest_route=%2Fwp%2Fv2%2Fproduct_brand&post=19138"},{"taxonomy":"product_cat","embeddable":true,"href":"https:\/\/giocarcaminhoes.com.br\/index.php?rest_route=%2Fwp%2Fv2%2Fproduct_cat&post=19138"},{"taxonomy":"product_tag","embeddable":true,"href":"https:\/\/giocarcaminhoes.com.br\/index.php?rest_route=%2Fwp%2Fv2%2Fproduct_tag&post=19138"}],"curies":[{"name":"wp","href":"https:\/\/api.w.org\/{rel}","templated":true}]}}