{"id":19102,"date":"2025-12-19T18:49:43","date_gmt":"2025-12-19T21:49:43","guid":{"rendered":"https:\/\/giocarcaminhoes.com.br\/?post_type=product&#038;p=19102"},"modified":"2025-12-19T18:59:11","modified_gmt":"2025-12-19T21:59:11","slug":"mb-accelo-1016-4x2","status":"publish","type":"product","link":"https:\/\/giocarcaminhoes.com.br\/?product=mb-accelo-1016-4x2","title":{"rendered":"MB ACCELO 1016 4X2"},"content":{"rendered":"<h3>Opcionais<\/h3>\n<div dir=\"auto\">\n<div dir=\"auto\">\n<ul>\n<li dir=\"auto\">U\u0301nico Dono<\/li>\n<li dir=\"auto\">Selos e plaquetas originais<\/li>\n<li dir=\"auto\">Freio Motor original<\/li>\n<li dir=\"auto\">Freios a ar<\/li>\n<li dir=\"auto\">Estacion\u00e1rio \u00e0 ar<\/li>\n<li dir=\"auto\">Dire\u00e7\u00e3o hidr\u00e1ulica<\/li>\n<li dir=\"auto\">Bancos para 3 tripulantes<\/li>\n<li dir=\"auto\">Tape\u00e7aria nova na cor grafite<\/li>\n<li dir=\"auto\">Pneus sem c\u00e2mera 215\/75 R17.5<\/li>\n<li dir=\"auto\">Motor: MB OM 924 LA \u2022 BlueTec5 \u2022 4,8Lts<\/li>\n<li dir=\"auto\">4 Cilindros em linha<\/li>\n<li dir=\"auto\">Turbo e Intercooler<\/li>\n<li dir=\"auto\">Cv: 156<\/li>\n<li dir=\"auto\">Transmissa\u0303o: Eaton FSO-4505A 5 marchas<\/li>\n<li dir=\"auto\">Diferencial: Mercedes MB HL 2<\/li>\n<li dir=\"auto\">PBT: 9.600Kg<\/li>\n<li dir=\"auto\">Equipada com bau dividido pra frios e congelados e carga seca. T\u00e9rmico e seco.<\/li>\n<li dir=\"auto\">Comprimento: 5,50m<\/li>\n<li dir=\"auto\">Altura: 2,25m<\/li>\n<li dir=\"auto\">Largura: 2,25m<\/li>\n<\/ul>\n<\/div>\n<\/div>\n<h3>Mais Informa\u00e7\u00f5es<\/h3>\n<p>***R$ 245.000,00 \u00e0 vista ou R$ sob consulta pra receber troca ***<\/p>\n<ul>\n<li><span id=\"j_id_jsp_294599825_1:obs\">Entre em contato que ser\u00e1 uma satisfa\u00e7\u00e3o atend\u00ea-lo!! <\/span><\/li>\n<li><span id=\"j_id_jsp_294599825_1:obs\">Vivo e Whats (46) 99115-3136 Fixo (46) 3223-1122<\/span><\/li>\n<\/ul>\n<a class=\"btn-whats-giocar\" href=\"#\" target=\"_blank\" rel=\"noopener nofollow\"\r\n   style=\"display:inline-block;background:#00006a;color:#fff;padding:12px 18px;border-radius:4px;font-weight:600;text-decoration:none\">\r\n  ENVIAR PROPOSTA DE COMPRA OU TROCA\r\n<\/a>\r\n<script>\r\n(function(){\r\n  var phone = \"5546991153136\";\r\n  var title = document.querySelector(\"h1.product_title,.product_title\")?.textContent?.trim() || document.title;\r\n  var msg = \"Ol\u00e1 pessoal da Giocar, tenho interesse no ve\u00edculo: \" + title + \" \" + location.href;\r\n  var wa  = \"https:\/\/api.whatsapp.com\/send?phone=\" + phone + \"&text=\" + encodeURIComponent(msg);\r\n  document.querySelectorAll(\".btn-whats-giocar\").forEach(function(btn){\r\n    btn.href = wa;\r\n  });\r\n})();\r\n<\/script>\r\n\n<p>&nbsp;<\/p>\n","protected":false},"excerpt":{"rendered":"<p>MB ACCELO 1016 4&#215;2 Ano: 2015 &#8211; 2015 Placa: FYF-***2 Km: 571.256 [sc name=\"whatsapp\"][\/sc]<\/p>\n","protected":false},"featured_media":19104,"template":"","meta":{"inline_featured_image":false},"product_brand":[],"product_cat":[59,48],"product_tag":[456,323,200,85],"class_list":{"0":"post-19102","1":"product","2":"type-product","3":"status-publish","4":"has-post-thumbnail","6":"product_cat-3-4","7":"product_cat-caminhoes","8":"product_tag-456","9":"product_tag-accelo","10":"product_tag-bau","11":"product_tag-mb","13":"first","14":"instock","15":"shipping-taxable","16":"purchasable","17":"product-type-simple","18":"thumb-has-effect","19":"prod-rating-on"},"_links":{"self":[{"href":"https:\/\/giocarcaminhoes.com.br\/index.php?rest_route=\/wp\/v2\/product\/19102","targetHints":{"allow":["GET"]}}],"collection":[{"href":"https:\/\/giocarcaminhoes.com.br\/index.php?rest_route=\/wp\/v2\/product"}],"about":[{"href":"https:\/\/giocarcaminhoes.com.br\/index.php?rest_route=\/wp\/v2\/types\/product"}],"wp:featuredmedia":[{"embeddable":true,"href":"https:\/\/giocarcaminhoes.com.br\/index.php?rest_route=\/wp\/v2\/media\/19104"}],"wp:attachment":[{"href":"https:\/\/giocarcaminhoes.com.br\/index.php?rest_route=%2Fwp%2Fv2%2Fmedia&parent=19102"}],"wp:term":[{"taxonomy":"product_brand","embeddable":true,"href":"https:\/\/giocarcaminhoes.com.br\/index.php?rest_route=%2Fwp%2Fv2%2Fproduct_brand&post=19102"},{"taxonomy":"product_cat","embeddable":true,"href":"https:\/\/giocarcaminhoes.com.br\/index.php?rest_route=%2Fwp%2Fv2%2Fproduct_cat&post=19102"},{"taxonomy":"product_tag","embeddable":true,"href":"https:\/\/giocarcaminhoes.com.br\/index.php?rest_route=%2Fwp%2Fv2%2Fproduct_tag&post=19102"}],"curies":[{"name":"wp","href":"https:\/\/api.w.org\/{rel}","templated":true}]}}