{"id":18667,"date":"2025-09-29T10:29:54","date_gmt":"2025-09-29T13:29:54","guid":{"rendered":"https:\/\/giocarcaminhoes.com.br\/?post_type=product&#038;p=18667"},"modified":"2025-09-29T10:35:28","modified_gmt":"2025-09-29T13:35:28","slug":"mb-atego-2425-6x2-cabine-leito-teto-alto","status":"publish","type":"product","link":"https:\/\/giocarcaminhoes.com.br\/?product=mb-atego-2425-6x2-cabine-leito-teto-alto","title":{"rendered":"MB ATEGO 2425 6X2 CABINE LEITO TETO ALTO"},"content":{"rendered":"<h3>Opcionais<\/h3>\n<div dir=\"auto\">\n<ul>\n<li dir=\"auto\">Mec\u00e2nica em dia testada<\/li>\n<li dir=\"auto\">Inje\u00e7\u00e3o revisada<\/li>\n<li dir=\"auto\">C\u00e2mbio revisado agora<\/li>\n<li dir=\"auto\">N\u00e3o usa arla<\/li>\n<li dir=\"auto\">Cabine Leito<\/li>\n<li dir=\"auto\">Teto Alto<\/li>\n<li dir=\"auto\">Som profissional de qualidade<\/li>\n<li dir=\"auto\">1 par 6\/9 + 1 par corneta + 1 par Twitter + Subwoffer Pionner<\/li>\n<li dir=\"auto\">Interclima<\/li>\n<li dir=\"auto\">Direc\u0327a\u0303o Hidra\u0301ulica<\/li>\n<li dir=\"auto\">Freio motor<\/li>\n<li dir=\"auto\">Top Brake<\/li>\n<li dir=\"auto\">Freios a ar<\/li>\n<li dir=\"auto\">Estaciona\u0301rio a\u0300 ar<\/li>\n<li dir=\"auto\">Rodas em alum\u00ednio na dianteira<\/li>\n<li dir=\"auto\">Estofamento em cour\u00edssimo preto com bordas vermelhas<\/li>\n<li dir=\"auto\">Cama grande<\/li>\n<li dir=\"auto\">Tape\u00e7aria nova em cinza<\/li>\n<li dir=\"auto\">Pintura met\u00e1lica prata<\/li>\n<li dir=\"auto\">Pneus 275 sem ca\u0302mera R22.5<\/li>\n<li dir=\"auto\">Truck balanceira<\/li>\n<li dir=\"auto\">Suspensor no eixo do truck<\/li>\n<li dir=\"auto\">Liso de chassi<\/li>\n<li dir=\"auto\">Excelente de suspens\u00e3o<\/li>\n<li dir=\"auto\">Motor: MB OM-906 6 cil<\/li>\n<li dir=\"auto\">Turbo<\/li>\n<li dir=\"auto\">Intercooler<\/li>\n<li dir=\"auto\">Cv: 245<\/li>\n<li dir=\"auto\">Caixa: MB G 85 6 marchas<\/li>\n<li dir=\"auto\">Diferencial Reduzido<\/li>\n<li dir=\"auto\">Estrutura 100%<\/li>\n<li dir=\"auto\">Selado<\/li>\n<li dir=\"auto\">Equipado com carroceria nas medidas<\/li>\n<li dir=\"auto\">Comprimento: 8,50m<\/li>\n<li dir=\"auto\">Altura: 0,40m<\/li>\n<li dir=\"auto\">Largura: 2,50m<\/li>\n<\/ul>\n<\/div>\n<h3>Mais Informa\u00e7\u00f5es<\/h3>\n<p>***R$ 299.900,00 \u00e0 vista ou R$ sob consulta pra receber troca.***<\/p>\n<ul>\n<li><span id=\"j_id_jsp_294599825_1:obs\">Entre em contato que ser\u00e1 uma satisfa\u00e7\u00e3o atend\u00ea-lo!! <\/span><\/li>\n<li><span id=\"j_id_jsp_294599825_1:obs\">Vivo e Whats (46) 99115-3136 Fixo (46) 3223-1122<\/span><\/li>\n<\/ul>\n<a class=\"btn-whats-giocar\" href=\"#\" target=\"_blank\" rel=\"noopener nofollow\"\r\n   style=\"display:inline-block;background:#00006a;color:#fff;padding:12px 18px;border-radius:4px;font-weight:600;text-decoration:none\">\r\n  ENVIAR PROPOSTA DE COMPRA OU TROCA\r\n<\/a>\r\n<script>\r\n(function(){\r\n  var phone = \"5546991153136\";\r\n  var title = document.querySelector(\"h1.product_title,.product_title\")?.textContent?.trim() || document.title;\r\n  var msg = \"Ol\u00e1 pessoal da Giocar, tenho interesse no ve\u00edculo: \" + title + \" \" + location.href;\r\n  var wa  = \"https:\/\/api.whatsapp.com\/send?phone=\" + phone + \"&text=\" + encodeURIComponent(msg);\r\n  document.querySelectorAll(\".btn-whats-giocar\").forEach(function(btn){\r\n    btn.href = wa;\r\n  });\r\n})();\r\n<\/script>\r\n\n<p>&nbsp;<\/p>\n<div id=\"gtx-trans\" style=\"position: absolute;left: 807px;top: 993.643px\">\n<div class=\"gtx-trans-icon\"><\/div>\n<\/div>\n","protected":false},"excerpt":{"rendered":"<p>MB ATEGO 2425 6&#215;2 Ano: 2010-2011 Placa: ATL-***5 Km: 969.959 Motor com 214.000 Km depois de feito Combust\u00edvel: Diesel [sc&hellip;<\/p>\n","protected":false},"featured_media":18669,"template":"","meta":{"inline_featured_image":false},"product_brand":[],"product_cat":[48,60],"product_tag":[182,102,201,224,270,85,228,209],"class_list":{"0":"post-18667","1":"product","2":"type-product","3":"status-publish","4":"has-post-thumbnail","6":"product_cat-caminhoes","7":"product_cat-truck","8":"product_tag-182","9":"product_tag-atego","10":"product_tag-cabine-leito","11":"product_tag-carroceria","12":"product_tag-leito","13":"product_tag-mb","14":"product_tag-mercedes","15":"product_tag-truck","17":"first","18":"instock","19":"shipping-taxable","20":"purchasable","21":"product-type-simple","22":"thumb-has-effect","23":"prod-rating-on"},"_links":{"self":[{"href":"https:\/\/giocarcaminhoes.com.br\/index.php?rest_route=\/wp\/v2\/product\/18667","targetHints":{"allow":["GET"]}}],"collection":[{"href":"https:\/\/giocarcaminhoes.com.br\/index.php?rest_route=\/wp\/v2\/product"}],"about":[{"href":"https:\/\/giocarcaminhoes.com.br\/index.php?rest_route=\/wp\/v2\/types\/product"}],"wp:featuredmedia":[{"embeddable":true,"href":"https:\/\/giocarcaminhoes.com.br\/index.php?rest_route=\/wp\/v2\/media\/18669"}],"wp:attachment":[{"href":"https:\/\/giocarcaminhoes.com.br\/index.php?rest_route=%2Fwp%2Fv2%2Fmedia&parent=18667"}],"wp:term":[{"taxonomy":"product_brand","embeddable":true,"href":"https:\/\/giocarcaminhoes.com.br\/index.php?rest_route=%2Fwp%2Fv2%2Fproduct_brand&post=18667"},{"taxonomy":"product_cat","embeddable":true,"href":"https:\/\/giocarcaminhoes.com.br\/index.php?rest_route=%2Fwp%2Fv2%2Fproduct_cat&post=18667"},{"taxonomy":"product_tag","embeddable":true,"href":"https:\/\/giocarcaminhoes.com.br\/index.php?rest_route=%2Fwp%2Fv2%2Fproduct_tag&post=18667"}],"curies":[{"name":"wp","href":"https:\/\/api.w.org\/{rel}","templated":true}]}}