{"id":18605,"date":"2025-09-22T18:16:46","date_gmt":"2025-09-22T21:16:46","guid":{"rendered":"https:\/\/giocarcaminhoes.com.br\/?post_type=product&#038;p=18605"},"modified":"2025-09-22T18:22:06","modified_gmt":"2025-09-22T21:22:06","slug":"agrale-8500-guincho","status":"publish","type":"product","link":"https:\/\/giocarcaminhoes.com.br\/?product=agrale-8500-guincho","title":{"rendered":"AGRALE 8500 GUINCHO"},"content":{"rendered":"<h3>Opcionais<\/h3>\n<div dir=\"auto\">\n<div dir=\"auto\">\n<ul>\n<li dir=\"auto\">Km Original<\/li>\n<li dir=\"auto\">Selos originais p\u00e1ra-brisa<\/li>\n<li dir=\"auto\">Banco pra 3 tripulantes<\/li>\n<li dir=\"auto\">Tac\u00f3grafo<\/li>\n<li dir=\"auto\">Tapec\u0327aria em carpe cinza<\/li>\n<li dir=\"auto\">Parachoque e paralamas personalizados na cor da cabine<\/li>\n<li dir=\"auto\">Laudo cautelar<\/li>\n<li dir=\"auto\">Estrutura 100% original<\/li>\n<li dir=\"auto\">Selos e plaquetas originais<\/li>\n<li dir=\"auto\">Direc\u0327a\u0303o Hidra\u0301ulica<\/li>\n<li dir=\"auto\">Freios a\u0300 Ar<\/li>\n<li dir=\"auto\">Estaciona\u0301rio a\u0300 Ar<\/li>\n<li dir=\"auto\">Pneus 217 \/ 75 R17.5 sem c\u00e2mera<\/li>\n<li dir=\"auto\">Motor: MWM X10 4 cilindros<\/li>\n<li dir=\"auto\">Turbo e Intercooler<\/li>\n<li dir=\"auto\">Bomba injetora<\/li>\n<li dir=\"auto\">N\u00e3o usa arla<\/li>\n<li dir=\"auto\">Cv: 150<\/li>\n<li dir=\"auto\">C\u00e2mbio: Eaton FSO-4405 5 marchas<\/li>\n<li dir=\"auto\">Equipada com plataforma hidr\u00e1ulica NOVA de 6m<\/li>\n<li dir=\"auto\">Guincho com cabo de a\u00e7o<\/li>\n<li dir=\"auto\">Prote\u00e7\u00f5es laterais<\/li>\n<\/ul>\n<\/div>\n<\/div>\n<h3>Mais Informa\u00e7\u00f5es<\/h3>\n<p>***R$ 194.900,00 \u00e0 vista ou R$ sob consulta pra receber troca ***<\/p>\n<ul>\n<li><span id=\"j_id_jsp_294599825_1:obs\">Entre em contato que ser\u00e1 uma satisfa\u00e7\u00e3o atend\u00ea-lo!! <\/span><\/li>\n<li><span id=\"j_id_jsp_294599825_1:obs\">Vivo e Whats (46) 99115-3136 Fixo (46) 3223-1122<\/span><\/li>\n<\/ul>\n<a class=\"btn-whats-giocar\" href=\"#\" target=\"_blank\" rel=\"noopener nofollow\"\r\n   style=\"display:inline-block;background:#00006a;color:#fff;padding:12px 18px;border-radius:4px;font-weight:600;text-decoration:none\">\r\n  ENVIAR PROPOSTA DE COMPRA OU TROCA\r\n<\/a>\r\n<script>\r\n(function(){\r\n  var phone = \"5546991153136\";\r\n  var title = document.querySelector(\"h1.product_title,.product_title\")?.textContent?.trim() || document.title;\r\n  var msg = \"Ol\u00e1 pessoal da Giocar, tenho interesse no ve\u00edculo: \" + title + \" \" + location.href;\r\n  var wa  = \"https:\/\/api.whatsapp.com\/send?phone=\" + phone + \"&text=\" + encodeURIComponent(msg);\r\n  document.querySelectorAll(\".btn-whats-giocar\").forEach(function(btn){\r\n    btn.href = wa;\r\n  });\r\n})();\r\n<\/script>\r\n\n<p>&nbsp;<\/p>\n","protected":false},"excerpt":{"rendered":"<p>AGRALE 8500 4&#215;2 Ano: 2011 &#8211; 2011 Placa: ATZ-***3 &#8211; PR Km: 223.091 [sc name=\"whatsapp\"][\/sc]<\/p>\n","protected":false},"featured_media":18609,"template":"","meta":{"inline_featured_image":false},"product_brand":[],"product_cat":[59,48],"product_tag":[453,119,377,338,211],"class_list":{"0":"post-18605","1":"product","2":"type-product","3":"status-publish","4":"has-post-thumbnail","6":"product_cat-3-4","7":"product_cat-caminhoes","8":"product_tag-453","9":"product_tag-agrale","10":"product_tag-guincho","11":"product_tag-mwm","12":"product_tag-plataforma","14":"first","15":"instock","16":"shipping-taxable","17":"purchasable","18":"product-type-simple","19":"thumb-has-effect","20":"prod-rating-on"},"_links":{"self":[{"href":"https:\/\/giocarcaminhoes.com.br\/index.php?rest_route=\/wp\/v2\/product\/18605","targetHints":{"allow":["GET"]}}],"collection":[{"href":"https:\/\/giocarcaminhoes.com.br\/index.php?rest_route=\/wp\/v2\/product"}],"about":[{"href":"https:\/\/giocarcaminhoes.com.br\/index.php?rest_route=\/wp\/v2\/types\/product"}],"wp:featuredmedia":[{"embeddable":true,"href":"https:\/\/giocarcaminhoes.com.br\/index.php?rest_route=\/wp\/v2\/media\/18609"}],"wp:attachment":[{"href":"https:\/\/giocarcaminhoes.com.br\/index.php?rest_route=%2Fwp%2Fv2%2Fmedia&parent=18605"}],"wp:term":[{"taxonomy":"product_brand","embeddable":true,"href":"https:\/\/giocarcaminhoes.com.br\/index.php?rest_route=%2Fwp%2Fv2%2Fproduct_brand&post=18605"},{"taxonomy":"product_cat","embeddable":true,"href":"https:\/\/giocarcaminhoes.com.br\/index.php?rest_route=%2Fwp%2Fv2%2Fproduct_cat&post=18605"},{"taxonomy":"product_tag","embeddable":true,"href":"https:\/\/giocarcaminhoes.com.br\/index.php?rest_route=%2Fwp%2Fv2%2Fproduct_tag&post=18605"}],"curies":[{"name":"wp","href":"https:\/\/api.w.org\/{rel}","templated":true}]}}