{"id":18538,"date":"2025-09-18T11:36:31","date_gmt":"2025-09-18T14:36:31","guid":{"rendered":"https:\/\/giocarcaminhoes.com.br\/?post_type=product&#038;p=18538"},"modified":"2025-09-18T11:43:58","modified_gmt":"2025-09-18T14:43:58","slug":"mb-710-plus-4x2-2","status":"publish","type":"product","link":"https:\/\/giocarcaminhoes.com.br\/?product=mb-710-plus-4x2-2","title":{"rendered":"MB 710 PLUS 4X2"},"content":{"rendered":"<h3>Opcionais<\/h3>\n<div dir=\"auto\">\n<div dir=\"auto\">\n<ul>\n<li dir=\"auto\">Motor revisado<\/li>\n<li dir=\"auto\">Pintura restaurada 100%<\/li>\n<li dir=\"auto\">Estrutura original \u00edntegra<\/li>\n<li dir=\"auto\">Vidros originais com grafia da Mercedes<\/li>\n<li dir=\"auto\">Plaquetas originais<\/li>\n<li dir=\"auto\">Manual<\/li>\n<li dir=\"auto\">2\u00aa Chave<\/li>\n<li dir=\"auto\">Estofamento novo em cour\u00edssimo preto com costuras em vermelho<\/li>\n<li dir=\"auto\">Tape\u00e7aria nova na cor grafite<\/li>\n<li dir=\"auto\">Direc\u0327a\u0303o Hidra\u0301ulica<\/li>\n<li dir=\"auto\">Freios a ar<\/li>\n<li dir=\"auto\">Estacion\u00e1rio a ar<\/li>\n<li dir=\"auto\">Banco pra 3 passageiros<\/li>\n<li dir=\"auto\">Pneus 215\/75 R 17.5 sem c\u00e2mara<\/li>\n<li dir=\"auto\">Motor: MB OM 364 LA<\/li>\n<li dir=\"auto\">4 cilindros verticais em linha<\/li>\n<li dir=\"auto\">Turbo de f\u00e1brica<\/li>\n<li dir=\"auto\">Intercooler<\/li>\n<li dir=\"auto\">Cv: 115<\/li>\n<li dir=\"auto\">Bomba Injetora<\/li>\n<li dir=\"auto\">Transmissa\u0303o: Eaton FSO-4405A 5 marchas<\/li>\n<li dir=\"auto\">CMT: 9.100 Kg<\/li>\n<li dir=\"auto\">Equipada com carroceria nas medidas:<\/li>\n<li dir=\"auto\">Comprimento: 5,50m<\/li>\n<li dir=\"auto\">Altura: 0,50m<\/li>\n<li dir=\"auto\">Largura: 2,20m<\/li>\n<\/ul>\n<\/div>\n<\/div>\n<h3>Mais Informa\u00e7\u00f5es<\/h3>\n<p>***R$ 155.000,00 \u00e0 vista ou R$ sob consulta pra receber troca ***<\/p>\n<ul>\n<li><span id=\"j_id_jsp_294599825_1:obs\">Entre em contato que ser\u00e1 uma satisfa\u00e7\u00e3o atend\u00ea-lo!! <\/span><\/li>\n<li><span id=\"j_id_jsp_294599825_1:obs\">Vivo e Whats (46) 99115-3136 Fixo (46) 3223-1122<\/span><\/li>\n<\/ul>\n<a class=\"btn-whats-giocar\" href=\"#\" target=\"_blank\" rel=\"noopener nofollow\"\r\n   style=\"display:inline-block;background:#00006a;color:#fff;padding:12px 18px;border-radius:4px;font-weight:600;text-decoration:none\">\r\n  ENVIAR PROPOSTA DE COMPRA OU TROCA\r\n<\/a>\r\n<script>\r\n(function(){\r\n  var phone = \"5546991153136\";\r\n  var title = document.querySelector(\"h1.product_title,.product_title\")?.textContent?.trim() || document.title;\r\n  var msg = \"Ol\u00e1 pessoal da Giocar, tenho interesse no ve\u00edculo: \" + title + \" \" + location.href;\r\n  var wa  = \"https:\/\/api.whatsapp.com\/send?phone=\" + phone + \"&text=\" + encodeURIComponent(msg);\r\n  document.querySelectorAll(\".btn-whats-giocar\").forEach(function(btn){\r\n    btn.href = wa;\r\n  });\r\n})();\r\n<\/script>\r\n\n<p>&nbsp;<\/p>\n","protected":false},"excerpt":{"rendered":"<p>MB 710 PLUS 4&#215;2 Ano: 2005 &#8211; 2005 Placa: MMF-***0 &#8211; PR Km: 571.213 [sc name=\"whatsapp\"][\/sc]<\/p>\n","protected":false},"featured_media":18544,"template":"","meta":{"inline_featured_image":false},"product_brand":[],"product_cat":[59,48],"product_tag":[349,224,85,282],"class_list":{"0":"post-18538","1":"product","2":"type-product","3":"status-publish","4":"has-post-thumbnail","6":"product_cat-3-4","7":"product_cat-caminhoes","8":"product_tag-349","9":"product_tag-carroceria","10":"product_tag-mb","11":"product_tag-mercedinha","13":"first","14":"instock","15":"shipping-taxable","16":"purchasable","17":"product-type-simple","18":"thumb-has-effect","19":"prod-rating-on"},"_links":{"self":[{"href":"https:\/\/giocarcaminhoes.com.br\/index.php?rest_route=\/wp\/v2\/product\/18538","targetHints":{"allow":["GET"]}}],"collection":[{"href":"https:\/\/giocarcaminhoes.com.br\/index.php?rest_route=\/wp\/v2\/product"}],"about":[{"href":"https:\/\/giocarcaminhoes.com.br\/index.php?rest_route=\/wp\/v2\/types\/product"}],"wp:featuredmedia":[{"embeddable":true,"href":"https:\/\/giocarcaminhoes.com.br\/index.php?rest_route=\/wp\/v2\/media\/18544"}],"wp:attachment":[{"href":"https:\/\/giocarcaminhoes.com.br\/index.php?rest_route=%2Fwp%2Fv2%2Fmedia&parent=18538"}],"wp:term":[{"taxonomy":"product_brand","embeddable":true,"href":"https:\/\/giocarcaminhoes.com.br\/index.php?rest_route=%2Fwp%2Fv2%2Fproduct_brand&post=18538"},{"taxonomy":"product_cat","embeddable":true,"href":"https:\/\/giocarcaminhoes.com.br\/index.php?rest_route=%2Fwp%2Fv2%2Fproduct_cat&post=18538"},{"taxonomy":"product_tag","embeddable":true,"href":"https:\/\/giocarcaminhoes.com.br\/index.php?rest_route=%2Fwp%2Fv2%2Fproduct_tag&post=18538"}],"curies":[{"name":"wp","href":"https:\/\/api.w.org\/{rel}","templated":true}]}}