{"id":18038,"date":"2025-05-28T18:42:22","date_gmt":"2025-05-28T18:42:22","guid":{"rendered":"https:\/\/giocarcaminhoes.com.br\/?post_type=product&#038;p=18038"},"modified":"2025-08-11T16:31:35","modified_gmt":"2025-08-11T19:31:35","slug":"mb-1718-4x2","status":"publish","type":"product","link":"https:\/\/giocarcaminhoes.com.br\/?product=mb-1718-4x2","title":{"rendered":"MB 1718 4X2"},"content":{"rendered":"<h3>Opcionais<\/h3>\n<div dir=\"auto\">\n<ul>\n<li dir=\"auto\">Km original<\/li>\n<li dir=\"auto\">Pintura restaurada 100%<\/li>\n<li dir=\"auto\">Selos originais<\/li>\n<li dir=\"auto\">Plaquetas originais<\/li>\n<li dir=\"auto\">Tapec\u0327aria nova na cor cinza<\/li>\n<li dir=\"auto\">El\u00e9trica revisada<\/li>\n<li dir=\"auto\">Direc\u0327a\u0303o Hidra\u0301ulica<\/li>\n<li dir=\"auto\">Top brake<\/li>\n<li dir=\"auto\">Freio motor<\/li>\n<li dir=\"auto\">Freios a\u0300 Ar<\/li>\n<li dir=\"auto\">Freios regulados<\/li>\n<li dir=\"auto\">Estaciona\u0301rio a\u0300 Ar<\/li>\n<li dir=\"auto\">Liso de chassi<\/li>\n<li dir=\"auto\">Suspens\u00e3o com feche e sobre feche<\/li>\n<li dir=\"auto\">Motor: OM 904 LA 4 cilindros em linha<\/li>\n<li dir=\"auto\">Turbo<\/li>\n<li dir=\"auto\">Intercooler<\/li>\n<li dir=\"auto\">Cv: 177<\/li>\n<li dir=\"auto\">C\u00e2mbio manual MB G 85-6 marchas<\/li>\n<li dir=\"auto\">Reduzido<\/li>\n<li dir=\"auto\">Pneus 275\/80 R22.5 sem c\u00e2mera<\/li>\n<li dir=\"auto\">Equipado com ba\u00fa nas medidas:<\/li>\n<li dir=\"auto\">Comprimento: 7,05m<\/li>\n<li dir=\"auto\">Altura: 2,40m<\/li>\n<li dir=\"auto\">Largura: 2,60m<\/li>\n<\/ul>\n<\/div>\n<h3>Mais Informa\u00e7\u00f5es<\/h3>\n<p>***R$ 210.000,00 \u00e0 vista ou R$ sob consulta pra receber troca ***<\/p>\n<ul>\n<li><span id=\"j_id_jsp_294599825_1:obs\">Entre em contato que ser\u00e1 uma satisfa\u00e7\u00e3o atend\u00ea-lo!! <\/span><\/li>\n<li><span id=\"j_id_jsp_294599825_1:obs\">Vivo e Whats (46) 99115-3136 Fixo (46) 3223-1122<\/span><\/li>\n<\/ul>\n<a class=\"btn-whats-giocar\" href=\"#\" target=\"_blank\" rel=\"noopener nofollow\"\r\n   style=\"display:inline-block;background:#00006a;color:#fff;padding:12px 18px;border-radius:4px;font-weight:600;text-decoration:none\">\r\n  ENVIAR PROPOSTA DE COMPRA OU TROCA\r\n<\/a>\r\n<script>\r\n(function(){\r\n  var phone = \"5546991153136\";\r\n  var title = document.querySelector(\"h1.product_title,.product_title\")?.textContent?.trim() || document.title;\r\n  var msg = \"Ol\u00e1 pessoal da Giocar, tenho interesse no ve\u00edculo: \" + title + \" \" + location.href;\r\n  var wa  = \"https:\/\/api.whatsapp.com\/send?phone=\" + phone + \"&text=\" + encodeURIComponent(msg);\r\n  document.querySelectorAll(\".btn-whats-giocar\").forEach(function(btn){\r\n    btn.href = wa;\r\n  });\r\n})();\r\n<\/script>\r\n\n<p>&nbsp;<\/p>\n","protected":false},"excerpt":{"rendered":"<p>MB 1718 4&#215;2 Ano: 2011-2012 Placa: ESA-***1 &#8211; PR Km: 563.046 Combust\u00edvel: Diesel [sc name=\"whatsapp\"][\/sc]<\/p>\n","protected":false},"featured_media":18042,"template":"","meta":{"inline_featured_image":false},"product_brand":[],"product_cat":[48,61],"product_tag":[248,200,354,85,228,432,251],"class_list":{"0":"post-18038","1":"product","2":"type-product","3":"status-publish","4":"has-post-thumbnail","6":"product_cat-caminhoes","7":"product_cat-toco","8":"product_tag-248","9":"product_tag-bau","10":"product_tag-furgao","11":"product_tag-mb","12":"product_tag-mercedes","13":"product_tag-syder","14":"product_tag-toco","16":"first","17":"instock","18":"shipping-taxable","19":"purchasable","20":"product-type-simple","21":"thumb-has-effect","22":"prod-rating-on"},"_links":{"self":[{"href":"https:\/\/giocarcaminhoes.com.br\/index.php?rest_route=\/wp\/v2\/product\/18038","targetHints":{"allow":["GET"]}}],"collection":[{"href":"https:\/\/giocarcaminhoes.com.br\/index.php?rest_route=\/wp\/v2\/product"}],"about":[{"href":"https:\/\/giocarcaminhoes.com.br\/index.php?rest_route=\/wp\/v2\/types\/product"}],"wp:featuredmedia":[{"embeddable":true,"href":"https:\/\/giocarcaminhoes.com.br\/index.php?rest_route=\/wp\/v2\/media\/18042"}],"wp:attachment":[{"href":"https:\/\/giocarcaminhoes.com.br\/index.php?rest_route=%2Fwp%2Fv2%2Fmedia&parent=18038"}],"wp:term":[{"taxonomy":"product_brand","embeddable":true,"href":"https:\/\/giocarcaminhoes.com.br\/index.php?rest_route=%2Fwp%2Fv2%2Fproduct_brand&post=18038"},{"taxonomy":"product_cat","embeddable":true,"href":"https:\/\/giocarcaminhoes.com.br\/index.php?rest_route=%2Fwp%2Fv2%2Fproduct_cat&post=18038"},{"taxonomy":"product_tag","embeddable":true,"href":"https:\/\/giocarcaminhoes.com.br\/index.php?rest_route=%2Fwp%2Fv2%2Fproduct_tag&post=18038"}],"curies":[{"name":"wp","href":"https:\/\/api.w.org\/{rel}","templated":true}]}}