{"id":17988,"date":"2025-05-22T18:19:14","date_gmt":"2025-05-22T18:19:14","guid":{"rendered":"https:\/\/giocarcaminhoes.com.br\/?post_type=product&#038;p=17988"},"modified":"2025-08-11T16:31:47","modified_gmt":"2025-08-11T19:31:47","slug":"mb-atego-2425-basculante-agricola","status":"publish","type":"product","link":"https:\/\/giocarcaminhoes.com.br\/?product=mb-atego-2425-basculante-agricola","title":{"rendered":"MB ATEGO 2425 BASCULANTE AGR\u00cdCOLA"},"content":{"rendered":"<h3>Opcionais<\/h3>\n<div dir=\"auto\">\n<ul>\n<li dir=\"auto\">Mec\u00e2nica em dia testada<\/li>\n<li dir=\"auto\">Inje\u00e7\u00e3o revisada<\/li>\n<li dir=\"auto\">N\u00e3o usa arla<\/li>\n<li dir=\"auto\">Cabine Mochila<\/li>\n<li dir=\"auto\">Ar Condicionado<\/li>\n<li dir=\"auto\">Direc\u0327a\u0303o Hidra\u0301ulica<\/li>\n<li dir=\"auto\">Freio motor<\/li>\n<li dir=\"auto\">Top Brake<\/li>\n<li dir=\"auto\">Freios a ar<\/li>\n<li dir=\"auto\">Estaciona\u0301rio a\u0300 ar<\/li>\n<li dir=\"auto\">Estofamento novo<\/li>\n<li dir=\"auto\">Sof\u00e1 cama<\/li>\n<li dir=\"auto\">Tape\u00e7aria no borrach\u00e3o original<\/li>\n<li dir=\"auto\">Personaliza\u00e7\u00e3o paralamas e parachoque na cor da cabine<\/li>\n<li dir=\"auto\">Pneus grandes 295 sem ca\u0302mera R22.5<\/li>\n<li dir=\"auto\">Truck balanceira<\/li>\n<li dir=\"auto\">Suspensor no eixo do truck<\/li>\n<li dir=\"auto\">Liso de chassi<\/li>\n<li dir=\"auto\">Excelente de suspens\u00e3o<\/li>\n<li dir=\"auto\">Motor: MB OM-906 6 cil<\/li>\n<li dir=\"auto\">Turbo<\/li>\n<li dir=\"auto\">Intercooler<\/li>\n<li dir=\"auto\">Cv: 245<\/li>\n<li dir=\"auto\">Caixa: MB G 85 6 marchas<\/li>\n<li dir=\"auto\">Diferencial Reduzido<\/li>\n<li dir=\"auto\">Estrutura 100%<\/li>\n<li dir=\"auto\">Selado<\/li>\n<li dir=\"auto\">Equipado com basculante agr\u00edcola 27m3 nas medidas<\/li>\n<li dir=\"auto\">Comprimento: 6,50m<\/li>\n<li dir=\"auto\">Altura: 1,60m<\/li>\n<li dir=\"auto\">Largura: 2,60m<\/li>\n<li dir=\"auto\">Entre eixo: 4,85m<\/li>\n<li dir=\"auto\">Pist\u00e3o frontal<\/li>\n<li dir=\"auto\">Arcos<\/li>\n<li dir=\"auto\">Guilhotina na tampa traseira pra carregar os bag<\/li>\n<li dir=\"auto\">Tampa traseira abre pra lateral e vertical<\/li>\n<li dir=\"auto\">2 caixas ferramentas<\/li>\n<li dir=\"auto\">Barrica \u00e1gua<\/li>\n<\/ul>\n<\/div>\n<h3>Mais Informa\u00e7\u00f5es<\/h3>\n<p>***R$ 318.000,00 \u00e0 vista ou R$ sob consulta pra receber troca.***<\/p>\n<ul>\n<li><span id=\"j_id_jsp_294599825_1:obs\">Entre em contato que ser\u00e1 uma satisfa\u00e7\u00e3o atend\u00ea-lo!! <\/span><\/li>\n<li><span id=\"j_id_jsp_294599825_1:obs\">Vivo e Whats (46) 99115-3136 Fixo (46) 3223-1122<\/span><\/li>\n<\/ul>\n<a class=\"btn-whats-giocar\" href=\"#\" target=\"_blank\" rel=\"noopener nofollow\"\r\n   style=\"display:inline-block;background:#00006a;color:#fff;padding:12px 18px;border-radius:4px;font-weight:600;text-decoration:none\">\r\n  ENVIAR PROPOSTA DE COMPRA OU TROCA\r\n<\/a>\r\n<script>\r\n(function(){\r\n  var phone = \"5546991153136\";\r\n  var title = document.querySelector(\"h1.product_title,.product_title\")?.textContent?.trim() || document.title;\r\n  var msg = \"Ol\u00e1 pessoal da Giocar, tenho interesse no ve\u00edculo: \" + title + \" \" + location.href;\r\n  var wa  = \"https:\/\/api.whatsapp.com\/send?phone=\" + phone + \"&text=\" + encodeURIComponent(msg);\r\n  document.querySelectorAll(\".btn-whats-giocar\").forEach(function(btn){\r\n    btn.href = wa;\r\n  });\r\n})();\r\n<\/script>\r\n\n<p>&nbsp;<\/p>\n","protected":false},"excerpt":{"rendered":"<p>MB ATEGO 2425 6&#215;2 Ano: 2007-2007 Placa: MDV-***3 Km: 123.349 Combust\u00edvel: Diesel [sc name=\"whatsapp\"][\/sc]<\/p>\n","protected":false},"featured_media":18011,"template":"","meta":{"inline_featured_image":false},"product_brand":[],"product_cat":[48,60],"product_tag":[182,369,102,144,287,85,209],"class_list":{"0":"post-17988","1":"product","2":"type-product","3":"status-publish","4":"has-post-thumbnail","6":"product_cat-caminhoes","7":"product_cat-truck","8":"product_tag-182","9":"product_tag-agricola","10":"product_tag-atego","11":"product_tag-basculante","12":"product_tag-cacamba","13":"product_tag-mb","14":"product_tag-truck","16":"first","17":"instock","18":"shipping-taxable","19":"purchasable","20":"product-type-simple","21":"thumb-has-effect","22":"prod-rating-on"},"_links":{"self":[{"href":"https:\/\/giocarcaminhoes.com.br\/index.php?rest_route=\/wp\/v2\/product\/17988","targetHints":{"allow":["GET"]}}],"collection":[{"href":"https:\/\/giocarcaminhoes.com.br\/index.php?rest_route=\/wp\/v2\/product"}],"about":[{"href":"https:\/\/giocarcaminhoes.com.br\/index.php?rest_route=\/wp\/v2\/types\/product"}],"wp:featuredmedia":[{"embeddable":true,"href":"https:\/\/giocarcaminhoes.com.br\/index.php?rest_route=\/wp\/v2\/media\/18011"}],"wp:attachment":[{"href":"https:\/\/giocarcaminhoes.com.br\/index.php?rest_route=%2Fwp%2Fv2%2Fmedia&parent=17988"}],"wp:term":[{"taxonomy":"product_brand","embeddable":true,"href":"https:\/\/giocarcaminhoes.com.br\/index.php?rest_route=%2Fwp%2Fv2%2Fproduct_brand&post=17988"},{"taxonomy":"product_cat","embeddable":true,"href":"https:\/\/giocarcaminhoes.com.br\/index.php?rest_route=%2Fwp%2Fv2%2Fproduct_cat&post=17988"},{"taxonomy":"product_tag","embeddable":true,"href":"https:\/\/giocarcaminhoes.com.br\/index.php?rest_route=%2Fwp%2Fv2%2Fproduct_tag&post=17988"}],"curies":[{"name":"wp","href":"https:\/\/api.w.org\/{rel}","templated":true}]}}