{"id":17836,"date":"2025-05-06T19:37:06","date_gmt":"2025-05-06T19:37:06","guid":{"rendered":"https:\/\/giocarcaminhoes.com.br\/?post_type=product&#038;p=17836"},"modified":"2025-09-22T15:06:44","modified_gmt":"2025-09-22T18:06:44","slug":"mb-axor-2831-6x4-2","status":"publish","type":"product","link":"https:\/\/giocarcaminhoes.com.br\/?product=mb-axor-2831-6x4-2","title":{"rendered":"MB AXOR 2831 6X4"},"content":{"rendered":"<h3>Opcionais<\/h3>\n<div dir=\"auto\">\n<ul>\n<li>Baixa Km original<\/li>\n<li>\u00danico Dono<\/li>\n<li>Cabine avan\u00e7ada<\/li>\n<li>Ar Condicionado<\/li>\n<li>Plaquetas e selos originais<\/li>\n<li>Vidros el\u00e9tricos<\/li>\n<li>Retrovisores el\u00e9tricos<\/li>\n<li>Desemba\u00e7ador de retrovisores<\/li>\n<li>Top Brake<\/li>\n<li>Estofamento novo<\/li>\n<li>Tapec\u0327aria nova<\/li>\n<li>Direc\u0327a\u0303o Hidra\u0301ulica<\/li>\n<li>Pneus 11.00 R22<\/li>\n<li>Truck de fa\u0301brica<\/li>\n<li>Tra\u00e7ado 6&#215;4<\/li>\n<li>Motor: MB OM 926 LA \u2022 Blue Tec \u2022 6 cilindros<\/li>\n<li>Turbo<\/li>\n<li>Intercooler<\/li>\n<li>Cv: 306<\/li>\n<li>N\u00e3o usa arla<\/li>\n<li>Sistema de inje\u00e7\u00e3o revisado<\/li>\n<li>C\u00e2mbio: Manual MB G 221-9 9 marchas<\/li>\n<li>1 Crawler (trator) + 8 marchas<\/li>\n<li>Diferencial: Tra\u00e7ado 6&#215;4<\/li>\n<li>Cubos redutores HD 7 + HL 7<\/li>\n<li>Dois est\u00e1gios de bloqueio de diferenciais<\/li>\n<li>Tomada de for\u00e7a MB NA 121 &#8211; 1b<\/li>\n<li>Equipado com basculante meia cana marca Rosseti:<\/li>\n<li>Capacidade pra 12m3 no ferro<\/li>\n<li>Pist\u00e3o frontal<\/li>\n<li>Conjunto hidr\u00e1ulico Hyva<\/li>\n<li>Comprimento: 4,85m<\/li>\n<li>Altura: 1,30m<\/li>\n<li>Largura: 2,60m<\/li>\n<\/ul>\n<\/div>\n<h3>Mais Informa\u00e7\u00f5es<\/h3>\n<p>***R$ 365.000,00 \u00e0 vista ou R$ sob consulta pra receber troca ***<\/p>\n<ul>\n<li><span id=\"j_id_jsp_294599825_1:obs\">Entre em contato que ser\u00e1 uma satisfa\u00e7\u00e3o atend\u00ea-lo!! <\/span><\/li>\n<li><span id=\"j_id_jsp_294599825_1:obs\">Vivo e Whats (46) 99115-3136 Fixo (46) 3223-1122<\/span><\/li>\n<\/ul>\n<a class=\"btn-whats-giocar\" href=\"#\" target=\"_blank\" rel=\"noopener nofollow\"\r\n   style=\"display:inline-block;background:#00006a;color:#fff;padding:12px 18px;border-radius:4px;font-weight:600;text-decoration:none\">\r\n  ENVIAR PROPOSTA DE COMPRA OU TROCA\r\n<\/a>\r\n<script>\r\n(function(){\r\n  var phone = \"5546991153136\";\r\n  var title = document.querySelector(\"h1.product_title,.product_title\")?.textContent?.trim() || document.title;\r\n  var msg = \"Ol\u00e1 pessoal da Giocar, tenho interesse no ve\u00edculo: \" + title + \" \" + location.href;\r\n  var wa  = \"https:\/\/api.whatsapp.com\/send?phone=\" + phone + \"&text=\" + encodeURIComponent(msg);\r\n  document.querySelectorAll(\".btn-whats-giocar\").forEach(function(btn){\r\n    btn.href = wa;\r\n  });\r\n})();\r\n<\/script>\r\n\n<p>&nbsp;<\/p>\n","protected":false},"excerpt":{"rendered":"<p>MB AXOR 2831 6&#215;4 Ano: 2011 &#8211; 2011 Placa: NXC-***4 &#8211; PR Km: 221.549 Combust\u00edvel: Diesel [sc name=\"whatsapp\"][\/sc]<\/p>\n","protected":false},"featured_media":17839,"template":"","meta":{"inline_featured_image":false},"product_brand":[],"product_cat":[48,60],"product_tag":[267,177,266,144,287,85,178,209],"class_list":{"0":"post-17836","1":"product","2":"type-product","3":"status-publish","4":"has-post-thumbnail","6":"product_cat-caminhoes","7":"product_cat-truck","8":"product_tag-267","9":"product_tag-6x4","10":"product_tag-axor","11":"product_tag-basculante","12":"product_tag-cacamba","13":"product_tag-mb","14":"product_tag-tracado","15":"product_tag-truck","17":"first","18":"instock","19":"sale","20":"shipping-taxable","21":"purchasable","22":"product-type-simple","23":"thumb-has-effect","24":"prod-rating-on"},"_links":{"self":[{"href":"https:\/\/giocarcaminhoes.com.br\/index.php?rest_route=\/wp\/v2\/product\/17836","targetHints":{"allow":["GET"]}}],"collection":[{"href":"https:\/\/giocarcaminhoes.com.br\/index.php?rest_route=\/wp\/v2\/product"}],"about":[{"href":"https:\/\/giocarcaminhoes.com.br\/index.php?rest_route=\/wp\/v2\/types\/product"}],"wp:featuredmedia":[{"embeddable":true,"href":"https:\/\/giocarcaminhoes.com.br\/index.php?rest_route=\/wp\/v2\/media\/17839"}],"wp:attachment":[{"href":"https:\/\/giocarcaminhoes.com.br\/index.php?rest_route=%2Fwp%2Fv2%2Fmedia&parent=17836"}],"wp:term":[{"taxonomy":"product_brand","embeddable":true,"href":"https:\/\/giocarcaminhoes.com.br\/index.php?rest_route=%2Fwp%2Fv2%2Fproduct_brand&post=17836"},{"taxonomy":"product_cat","embeddable":true,"href":"https:\/\/giocarcaminhoes.com.br\/index.php?rest_route=%2Fwp%2Fv2%2Fproduct_cat&post=17836"},{"taxonomy":"product_tag","embeddable":true,"href":"https:\/\/giocarcaminhoes.com.br\/index.php?rest_route=%2Fwp%2Fv2%2Fproduct_tag&post=17836"}],"curies":[{"name":"wp","href":"https:\/\/api.w.org\/{rel}","templated":true}]}}