{"id":17804,"date":"2025-04-30T18:55:36","date_gmt":"2025-04-30T18:55:36","guid":{"rendered":"https:\/\/giocarcaminhoes.com.br\/?post_type=product&#038;p=17804"},"modified":"2025-08-11T16:32:54","modified_gmt":"2025-08-11T19:32:54","slug":"vw-24220-worker-6x2-basculante","status":"publish","type":"product","link":"https:\/\/giocarcaminhoes.com.br\/?product=vw-24220-worker-6x2-basculante","title":{"rendered":"VW 24220 WORKER 6X2 BASCULANTE"},"content":{"rendered":"<h3>Opcionais<\/h3>\n<div dir=\"auto\">\n<ul>\n<li>Baixa km original<\/li>\n<li>\u00danico dono<\/li>\n<li>Selos e plaquetas originais<\/li>\n<li>Parachoque personalizado na cor da cabine<\/li>\n<li>Paralamas personalizados na cor da cabine<\/li>\n<li>Estofamento exclusivo novo em cour\u00edssimo cinza<\/li>\n<li>Tapec\u0327aria nova na cor grafite escuro<\/li>\n<li>Direc\u0327a\u0303o Hidra\u0301ulica<\/li>\n<li>Freios a\u0300 Ar<\/li>\n<li>Estaciona\u0301rio a\u0300 Ar<\/li>\n<li>Pneus 275 \/ 80 R22.5 sem c\u00e2mera<\/li>\n<li>Truck de fa\u0301brica<\/li>\n<li>Suspensor pra levantar eixo truck<\/li>\n<li>Chassi duplo de fa\u0301brica<\/li>\n<li>Motor: Cummins Se\u0301rie C 6 cilindros<\/li>\n<li>Camisa molhada<\/li>\n<li>Turbo<\/li>\n<li>Intercooler<\/li>\n<li>Injec\u0327a\u0303o: Bomba Bosch Grande<\/li>\n<li>Cv: 218<\/li>\n<li>C\u00e2mbio: Eaton 6 marchas<\/li>\n<li>Diferencial: Me\u0301ritor<\/li>\n<li>Reduzido<\/li>\n<li>CMT: 35.000 Kg<\/li>\n<li>Caminha\u0303o com bomba injetora<\/li>\n<li>Baixo custo de manutenc\u0327a\u0303o!<\/li>\n<li>Equipado com ca\u00e7amba agr\u00edcola nas medidas:<\/li>\n<li>Comprimento: 7,33m<\/li>\n<li>Altura: 1,50m<\/li>\n<li>Largura: 2,46m<\/li>\n<li>Capacidade pra 27m3<\/li>\n<li>Obs.: Esse VW 24220 era equipado com bau de entregar bebidas dentro da cidade. Andou somente leve. N\u00f3s da Giocar que instalamos basculante agr\u00edcola agora nele. J\u00e1 est\u00e1 legalizado no documento<\/li>\n<\/ul>\n<\/div>\n<h3>Mais Informa\u00e7\u00f5es<\/h3>\n<p>***R$ 335.000,00 \u00e0 vista ou R$ sob consulta pra receber troca ***<\/p>\n<ul>\n<li><span id=\"j_id_jsp_294599825_1:obs\">Entre em contato que ser\u00e1 uma satisfa\u00e7\u00e3o atend\u00ea-lo!! <\/span><\/li>\n<li><span id=\"j_id_jsp_294599825_1:obs\">Vivo e Whats (46) 99115-3136 Fixo (46) 3223-1122<\/span><\/li>\n<\/ul>\n<a class=\"btn-whats-giocar\" href=\"#\" target=\"_blank\" rel=\"noopener nofollow\"\r\n   style=\"display:inline-block;background:#00006a;color:#fff;padding:12px 18px;border-radius:4px;font-weight:600;text-decoration:none\">\r\n  ENVIAR PROPOSTA DE COMPRA OU TROCA\r\n<\/a>\r\n<script>\r\n(function(){\r\n  var phone = \"5546991153136\";\r\n  var title = document.querySelector(\"h1.product_title,.product_title\")?.textContent?.trim() || document.title;\r\n  var msg = \"Ol\u00e1 pessoal da Giocar, tenho interesse no ve\u00edculo: \" + title + \" \" + location.href;\r\n  var wa  = \"https:\/\/api.whatsapp.com\/send?phone=\" + phone + \"&text=\" + encodeURIComponent(msg);\r\n  document.querySelectorAll(\".btn-whats-giocar\").forEach(function(btn){\r\n    btn.href = wa;\r\n  });\r\n})();\r\n<\/script>\r\n\n<p>&nbsp;<\/p>\n","protected":false},"excerpt":{"rendered":"<p>VW 24.220 6&#215;2 WORKER Ano: 2011 &#8211; 2011 Placa: CUD-***2 &#8211; PR Km: 137.838 Combust\u00edvel: Diesel [sc name=\"whatsapp\"][\/sc]<\/p>\n","protected":false},"featured_media":17807,"template":"","meta":{"inline_featured_image":false},"product_brand":[],"product_cat":[48,60],"product_tag":[113,273,369,144,287,154,326,209,109],"class_list":{"0":"post-17804","1":"product","2":"type-product","3":"status-publish","4":"has-post-thumbnail","6":"product_cat-caminhoes","7":"product_cat-truck","8":"product_tag-24-220","9":"product_tag-273","10":"product_tag-agricola","11":"product_tag-basculante","12":"product_tag-cacamba","13":"product_tag-granel","14":"product_tag-graneleiro","15":"product_tag-truck","16":"product_tag-vw","18":"first","19":"instock","20":"shipping-taxable","21":"purchasable","22":"product-type-simple","23":"thumb-has-effect","24":"prod-rating-on"},"_links":{"self":[{"href":"https:\/\/giocarcaminhoes.com.br\/index.php?rest_route=\/wp\/v2\/product\/17804","targetHints":{"allow":["GET"]}}],"collection":[{"href":"https:\/\/giocarcaminhoes.com.br\/index.php?rest_route=\/wp\/v2\/product"}],"about":[{"href":"https:\/\/giocarcaminhoes.com.br\/index.php?rest_route=\/wp\/v2\/types\/product"}],"wp:featuredmedia":[{"embeddable":true,"href":"https:\/\/giocarcaminhoes.com.br\/index.php?rest_route=\/wp\/v2\/media\/17807"}],"wp:attachment":[{"href":"https:\/\/giocarcaminhoes.com.br\/index.php?rest_route=%2Fwp%2Fv2%2Fmedia&parent=17804"}],"wp:term":[{"taxonomy":"product_brand","embeddable":true,"href":"https:\/\/giocarcaminhoes.com.br\/index.php?rest_route=%2Fwp%2Fv2%2Fproduct_brand&post=17804"},{"taxonomy":"product_cat","embeddable":true,"href":"https:\/\/giocarcaminhoes.com.br\/index.php?rest_route=%2Fwp%2Fv2%2Fproduct_cat&post=17804"},{"taxonomy":"product_tag","embeddable":true,"href":"https:\/\/giocarcaminhoes.com.br\/index.php?rest_route=%2Fwp%2Fv2%2Fproduct_tag&post=17804"}],"curies":[{"name":"wp","href":"https:\/\/api.w.org\/{rel}","templated":true}]}}