{"id":17415,"date":"2025-02-28T19:59:40","date_gmt":"2025-02-28T19:59:40","guid":{"rendered":"https:\/\/giocarcaminhoes.com.br\/?post_type=product&#038;p=17415"},"modified":"2025-08-11T16:33:27","modified_gmt":"2025-08-11T19:33:27","slug":"iveco-tector-24300-cabine-leito-teto-alto-6x2","status":"publish","type":"product","link":"https:\/\/giocarcaminhoes.com.br\/?product=iveco-tector-24300-cabine-leito-teto-alto-6x2","title":{"rendered":"IVECO TECTOR 24300 CABINE LEITO TETO ALTO 6X2"},"content":{"rendered":"<h3>Opcionais<\/h3>\n<div dir=\"auto\">\n<ul>\n<li dir=\"auto\">Estava no transporte ba\u00fa<\/li>\n<li dir=\"auto\">Mec\u00e2nica a toda prova<\/li>\n<li dir=\"auto\">Cabine Leito<\/li>\n<li dir=\"auto\">Teto Alto<\/li>\n<li dir=\"auto\">Interclima<\/li>\n<li dir=\"auto\">Ar Condicionado<\/li>\n<li dir=\"auto\">Direc\u0327a\u0303o Hidra\u0301ulica<\/li>\n<li dir=\"auto\">Freio motor<\/li>\n<li dir=\"auto\">Freios a ar<\/li>\n<li dir=\"auto\">Estaciona\u0301rio a\u0300 ar<\/li>\n<li dir=\"auto\">Estofamento com sof\u00e1 cama casal<\/li>\n<li dir=\"auto\">Tape\u00e7aria na cor cinza<\/li>\n<li dir=\"auto\">Som<\/li>\n<li dir=\"auto\">Vidros el\u00e9tricos<\/li>\n<li dir=\"auto\">Retrovisores el\u00e9tricos<\/li>\n<li dir=\"auto\">2 tanques em alum\u00ednio polido<\/li>\n<li dir=\"auto\">Pneus 275 sem ca\u0302mera R22.5<\/li>\n<li dir=\"auto\">Truck balanceira<\/li>\n<li dir=\"auto\">Suspensor no eixo do truck<\/li>\n<li dir=\"auto\">Liso de chassi<\/li>\n<li dir=\"auto\">Excelente de suspens\u00e3o<\/li>\n<li dir=\"auto\">Motor: FPT NEF 6 ID \u2022 6 cil em linha<\/li>\n<li dir=\"auto\">Turbo<\/li>\n<li dir=\"auto\">Intercooler<\/li>\n<li dir=\"auto\">Cv: 300<\/li>\n<li dir=\"auto\">Caixa: Eaton Ultrashift Plus<\/li>\n<li dir=\"auto\">C\u00e2mbio automatizado 10 \u00e0 frente + 1 a r\u00e9<\/li>\n<li dir=\"auto\">Diferencial Iveco 5872<\/li>\n<li dir=\"auto\">Estrutura 100%<\/li>\n<li dir=\"auto\">Selado<\/li>\n<li dir=\"auto\">Documento est\u00e1 pra ba\u00fa<\/li>\n<li dir=\"auto\">Comprimento chassi: 8,20m<\/li>\n<li dir=\"auto\">Entre eixo: 5,65m<\/li>\n<\/ul>\n<\/div>\n<h3>Mais Informa\u00e7\u00f5es<\/h3>\n<p>***R$ 328.000,00 \u00e0 vista ou R$ sob consulta pra receber troca. Podemos vender no chassi por R$ 70.000 a menos. ***<\/p>\n<ul>\n<li><span id=\"j_id_jsp_294599825_1:obs\">Entre em contato que ser\u00e1 uma satisfa\u00e7\u00e3o atend\u00ea-lo!! <\/span><\/li>\n<li><span id=\"j_id_jsp_294599825_1:obs\">Vivo e Whats (46) 99115-3136 Fixo (46) 3223-1122<\/span><\/li>\n<\/ul>\n<a class=\"btn-whats-giocar\" href=\"#\" target=\"_blank\" rel=\"noopener nofollow\"\r\n   style=\"display:inline-block;background:#00006a;color:#fff;padding:12px 18px;border-radius:4px;font-weight:600;text-decoration:none\">\r\n  ENVIAR PROPOSTA DE COMPRA OU TROCA\r\n<\/a>\r\n<script>\r\n(function(){\r\n  var phone = \"5546991153136\";\r\n  var title = document.querySelector(\"h1.product_title,.product_title\")?.textContent?.trim() || document.title;\r\n  var msg = \"Ol\u00e1 pessoal da Giocar, tenho interesse no ve\u00edculo: \" + title + \" \" + location.href;\r\n  var wa  = \"https:\/\/api.whatsapp.com\/send?phone=\" + phone + \"&text=\" + encodeURIComponent(msg);\r\n  document.querySelectorAll(\".btn-whats-giocar\").forEach(function(btn){\r\n    btn.href = wa;\r\n  });\r\n})();\r\n<\/script>\r\n\n<p>&nbsp;<\/p>\n","protected":false},"excerpt":{"rendered":"<p>IVECO TECTOR 24-300 Auto-Shift 6&#215;2 Ano: 2020-2020 Placa: REA-***6 Km: 480.850 \u00danico Dono Combust\u00edvel: Diesel [sc name=\"whatsapp\"][\/sc]<\/p>\n","protected":false},"featured_media":17417,"template":"","meta":{"inline_featured_image":false},"product_brand":[],"product_cat":[48,60],"product_tag":[443,201,224,257,270,133,209],"class_list":{"0":"post-17415","1":"product","2":"type-product","3":"status-publish","4":"has-post-thumbnail","6":"product_cat-caminhoes","7":"product_cat-truck","8":"product_tag-443","9":"product_tag-cabine-leito","10":"product_tag-carroceria","11":"product_tag-iveco","12":"product_tag-leito","13":"product_tag-teto-alto","14":"product_tag-truck","16":"first","17":"instock","18":"shipping-taxable","19":"purchasable","20":"product-type-simple","21":"thumb-has-effect","22":"prod-rating-on"},"_links":{"self":[{"href":"https:\/\/giocarcaminhoes.com.br\/index.php?rest_route=\/wp\/v2\/product\/17415","targetHints":{"allow":["GET"]}}],"collection":[{"href":"https:\/\/giocarcaminhoes.com.br\/index.php?rest_route=\/wp\/v2\/product"}],"about":[{"href":"https:\/\/giocarcaminhoes.com.br\/index.php?rest_route=\/wp\/v2\/types\/product"}],"wp:featuredmedia":[{"embeddable":true,"href":"https:\/\/giocarcaminhoes.com.br\/index.php?rest_route=\/wp\/v2\/media\/17417"}],"wp:attachment":[{"href":"https:\/\/giocarcaminhoes.com.br\/index.php?rest_route=%2Fwp%2Fv2%2Fmedia&parent=17415"}],"wp:term":[{"taxonomy":"product_brand","embeddable":true,"href":"https:\/\/giocarcaminhoes.com.br\/index.php?rest_route=%2Fwp%2Fv2%2Fproduct_brand&post=17415"},{"taxonomy":"product_cat","embeddable":true,"href":"https:\/\/giocarcaminhoes.com.br\/index.php?rest_route=%2Fwp%2Fv2%2Fproduct_cat&post=17415"},{"taxonomy":"product_tag","embeddable":true,"href":"https:\/\/giocarcaminhoes.com.br\/index.php?rest_route=%2Fwp%2Fv2%2Fproduct_tag&post=17415"}],"curies":[{"name":"wp","href":"https:\/\/api.w.org\/{rel}","templated":true}]}}