{"id":16755,"date":"2024-12-01T20:19:05","date_gmt":"2024-12-01T20:19:05","guid":{"rendered":"https:\/\/giocarcaminhoes.com.br\/?post_type=product&#038;p=16755"},"modified":"2025-08-11T16:34:57","modified_gmt":"2025-08-11T19:34:57","slug":"volvo-vm-270-cabine-leito-4x2","status":"publish","type":"product","link":"https:\/\/giocarcaminhoes.com.br\/?product=volvo-vm-270-cabine-leito-4x2","title":{"rendered":"VOLVO VM 270 CABINE LEITO 4X2"},"content":{"rendered":"<h3>Opcionais<\/h3>\n<div dir=\"auto\">\n<ul>\n<li dir=\"auto\">Km original<\/li>\n<li dir=\"auto\">Motor feito completo<\/li>\n<li dir=\"auto\">Cabine Leito<\/li>\n<li dir=\"auto\">4&#215;2<\/li>\n<li dir=\"auto\">Ar condicionado<\/li>\n<li dir=\"auto\">Vidros el\u00e9tricos<\/li>\n<li dir=\"auto\">Travas el\u00e9tricas<\/li>\n<li dir=\"auto\">Retrovisores el\u00e9tricos<\/li>\n<li dir=\"auto\">Piloto autom\u00e1tico<\/li>\n<li dir=\"auto\">Volante com comando do cruzeiro e som<\/li>\n<li dir=\"auto\">Estofamento pra dois passageiros e cama<\/li>\n<li dir=\"auto\">Banco a ar<\/li>\n<li dir=\"auto\">Tapec\u0327aria na cor cinza sobre tom do painel<\/li>\n<li dir=\"auto\">Estrutura da cabine 100% \u00edntegra<\/li>\n<li dir=\"auto\">El\u00e9trica revisada<\/li>\n<li dir=\"auto\">Direc\u0327a\u0303o Hidra\u0301ulica<\/li>\n<li dir=\"auto\">Interclima<\/li>\n<li dir=\"auto\">Freios a\u0300 Ar<\/li>\n<li dir=\"auto\">Freios regulados<\/li>\n<li dir=\"auto\">Estaciona\u0301rio a\u0300 Ar<\/li>\n<li dir=\"auto\">Freio Motor<\/li>\n<li dir=\"auto\">Liso de chassi<\/li>\n<li dir=\"auto\">Suspens\u00e3o perfeita com feche e sobre feche de molas grossas<\/li>\n<li dir=\"auto\">Motor: MWM 6 cilindros<\/li>\n<li dir=\"auto\">Turbo<\/li>\n<li dir=\"auto\">Intercooler<\/li>\n<li dir=\"auto\">Cv: 270<\/li>\n<li dir=\"auto\">C\u00e2mbio manual F1109 9 marchas<\/li>\n<li dir=\"auto\">Pneus 275\/80 R22.5 sem c\u00e2mera<\/li>\n<li dir=\"auto\">Entre eixo: 5,15m<\/li>\n<li dir=\"auto\">Chassi livre: 6,70m<\/li>\n<\/ul>\n<\/div>\n<h3>Mais Informa\u00e7\u00f5es<\/h3>\n<p>***R$ 234.900,00 \u00e0 vista ou R$ sob consulta pra receber troca ***<\/p>\n<ul>\n<li><span id=\"j_id_jsp_294599825_1:obs\">Entre em contato que ser\u00e1 uma satisfa\u00e7\u00e3o atend\u00ea-lo!! <\/span><\/li>\n<li><span id=\"j_id_jsp_294599825_1:obs\">Vivo e Whats (46) 99115-3136 Fixo (46) 3223-1122<\/span><\/li>\n<\/ul>\n<a class=\"btn-whats-giocar\" href=\"#\" target=\"_blank\" rel=\"noopener nofollow\"\r\n   style=\"display:inline-block;background:#00006a;color:#fff;padding:12px 18px;border-radius:4px;font-weight:600;text-decoration:none\">\r\n  ENVIAR PROPOSTA DE COMPRA OU TROCA\r\n<\/a>\r\n<script>\r\n(function(){\r\n  var phone = \"5546991153136\";\r\n  var title = document.querySelector(\"h1.product_title,.product_title\")?.textContent?.trim() || document.title;\r\n  var msg = \"Ol\u00e1 pessoal da Giocar, tenho interesse no ve\u00edculo: \" + title + \" \" + location.href;\r\n  var wa  = \"https:\/\/api.whatsapp.com\/send?phone=\" + phone + \"&text=\" + encodeURIComponent(msg);\r\n  document.querySelectorAll(\".btn-whats-giocar\").forEach(function(btn){\r\n    btn.href = wa;\r\n  });\r\n})();\r\n<\/script>\r\n\n<p>&nbsp;<\/p>\n","protected":false},"excerpt":{"rendered":"<p>VOLVO VM 270 4&#215;2 LEITO Ano: 2014-2014 Placa: OOL-***0 &#8211; PR Km: 725.859 Combust\u00edvel: Diesel [sc name=\"whatsapp\"][\/sc]<\/p>\n","protected":false},"featured_media":16759,"template":"","meta":{"inline_featured_image":false},"product_brand":[],"product_cat":[48,61],"product_tag":[200,201,224,354,432,251,115,431,114],"class_list":{"0":"post-16755","1":"product","2":"type-product","3":"status-publish","4":"has-post-thumbnail","6":"product_cat-caminhoes","7":"product_cat-toco","8":"product_tag-bau","9":"product_tag-cabine-leito","10":"product_tag-carroceria","11":"product_tag-furgao","12":"product_tag-syder","13":"product_tag-toco","14":"product_tag-vm","15":"product_tag-vm270","16":"product_tag-volvo","18":"first","19":"instock","20":"sale","21":"shipping-taxable","22":"purchasable","23":"product-type-simple","24":"thumb-has-effect","25":"prod-rating-on"},"_links":{"self":[{"href":"https:\/\/giocarcaminhoes.com.br\/index.php?rest_route=\/wp\/v2\/product\/16755","targetHints":{"allow":["GET"]}}],"collection":[{"href":"https:\/\/giocarcaminhoes.com.br\/index.php?rest_route=\/wp\/v2\/product"}],"about":[{"href":"https:\/\/giocarcaminhoes.com.br\/index.php?rest_route=\/wp\/v2\/types\/product"}],"wp:featuredmedia":[{"embeddable":true,"href":"https:\/\/giocarcaminhoes.com.br\/index.php?rest_route=\/wp\/v2\/media\/16759"}],"wp:attachment":[{"href":"https:\/\/giocarcaminhoes.com.br\/index.php?rest_route=%2Fwp%2Fv2%2Fmedia&parent=16755"}],"wp:term":[{"taxonomy":"product_brand","embeddable":true,"href":"https:\/\/giocarcaminhoes.com.br\/index.php?rest_route=%2Fwp%2Fv2%2Fproduct_brand&post=16755"},{"taxonomy":"product_cat","embeddable":true,"href":"https:\/\/giocarcaminhoes.com.br\/index.php?rest_route=%2Fwp%2Fv2%2Fproduct_cat&post=16755"},{"taxonomy":"product_tag","embeddable":true,"href":"https:\/\/giocarcaminhoes.com.br\/index.php?rest_route=%2Fwp%2Fv2%2Fproduct_tag&post=16755"}],"curies":[{"name":"wp","href":"https:\/\/api.w.org\/{rel}","templated":true}]}}