{"id":16312,"date":"2024-09-25T20:33:45","date_gmt":"2024-09-25T20:33:45","guid":{"rendered":"https:\/\/giocarcaminhoes.com.br\/?post_type=product&#038;p=16312"},"modified":"2026-01-06T17:50:30","modified_gmt":"2026-01-06T20:50:30","slug":"ford-cargo-1317-4x2","status":"publish","type":"product","link":"https:\/\/giocarcaminhoes.com.br\/?product=ford-cargo-1317-4x2","title":{"rendered":"FORD CARGO 1317 4X2"},"content":{"rendered":"<h3>Opcionais<\/h3>\n<div dir=\"auto\">\n<ul>\n<li dir=\"auto\">Selado<\/li>\n<li dir=\"auto\">Pintura restaurada 100%<\/li>\n<li dir=\"auto\">Personalizado parachoque e paralamas na cor cabine<\/li>\n<li dir=\"auto\">Estofamento novo<\/li>\n<li dir=\"auto\">Tecido em couri\u0301ssimo cinza liso<\/li>\n<li dir=\"auto\">Tapec\u0327aria nova na cor m\u00e1rmore grafite<\/li>\n<li dir=\"auto\">Forro teto e traseiro novo<\/li>\n<li dir=\"auto\">Polimento<\/li>\n<li dir=\"auto\">El\u00e9trica revisada<\/li>\n<li dir=\"auto\">Direc\u0327a\u0303o Hidra\u0301ulica<\/li>\n<li dir=\"auto\">Piloto autom\u00e1tico<\/li>\n<li dir=\"auto\">Freio motor<\/li>\n<li dir=\"auto\">Freios a\u0300 Ar<\/li>\n<li dir=\"auto\">Estaciona\u0301rio a\u0300 Ar<\/li>\n<li dir=\"auto\">Liso de chassi<\/li>\n<li dir=\"auto\">Motor: Cummins 4 cilindros<\/li>\n<li dir=\"auto\">Turbo<\/li>\n<li dir=\"auto\">Intercooler<\/li>\n<li dir=\"auto\">Cv: 170<\/li>\n<li dir=\"auto\">Caixa: Eaton 5 marchas<\/li>\n<li dir=\"auto\">Diferencial: Me\u0301ritor<\/li>\n<li dir=\"auto\">Reduzido<\/li>\n<li dir=\"auto\">Equipado com carroceria estrutura de ferro:<\/li>\n<li dir=\"auto\">Marca: Facchini<\/li>\n<li dir=\"auto\">Comprimento: 6,90m<\/li>\n<li dir=\"auto\">Altura: 0,50m<\/li>\n<li dir=\"auto\">Largura: 2,50m<\/li>\n<li dir=\"auto\">Tampas laterais com engate r\u00e1pido<\/li>\n<\/ul>\n<\/div>\n<h3>Mais Informa\u00e7\u00f5es<\/h3>\n<p>***R$ 163.000,00 \u00e0 vista ou R$ sob consulta pra receber troca ***<\/p>\n<ul>\n<li><span id=\"j_id_jsp_294599825_1:obs\">Entre em contato que ser\u00e1 uma satisfa\u00e7\u00e3o atend\u00ea-lo!! <\/span><\/li>\n<li><span id=\"j_id_jsp_294599825_1:obs\">Vivo e Whats (46) 99115-3136 Fixo (46) 3223-1122<\/span><\/li>\n<\/ul>\n<a class=\"btn-whats-giocar\" href=\"#\" target=\"_blank\" rel=\"noopener nofollow\"\r\n   style=\"display:inline-block;background:#00006a;color:#fff;padding:12px 18px;border-radius:4px;font-weight:600;text-decoration:none\">\r\n  ENVIAR PROPOSTA DE COMPRA OU TROCA\r\n<\/a>\r\n<script>\r\n(function(){\r\n  var phone = \"5546991153136\";\r\n  var title = document.querySelector(\"h1.product_title,.product_title\")?.textContent?.trim() || document.title;\r\n  var msg = \"Ol\u00e1 pessoal da Giocar, tenho interesse no ve\u00edculo: \" + title + \" \" + location.href;\r\n  var wa  = \"https:\/\/api.whatsapp.com\/send?phone=\" + phone + \"&text=\" + encodeURIComponent(msg);\r\n  document.querySelectorAll(\".btn-whats-giocar\").forEach(function(btn){\r\n    btn.href = wa;\r\n  });\r\n})();\r\n<\/script>\r\n\n<p>&nbsp;<\/p>\n<div id=\"gtx-trans\" style=\"position: absolute;left: -10px;top: 881.143px\">\n<div class=\"gtx-trans-icon\"><\/div>\n<\/div>\n","protected":false},"excerpt":{"rendered":"<p>FORD CARGO 1317e 4&#215;2 Ano: 2010-2010 Placa: ASN-***7 &#8211; PR Km: 617.693 Km original Combust\u00edvel: Diesel [sc name=\"whatsapp\"][\/sc]<\/p>\n","protected":false},"featured_media":16314,"template":"","meta":{"inline_featured_image":false},"product_brand":[],"product_cat":[48,61],"product_tag":[383,176,224,66,307,251],"class_list":{"0":"post-16312","1":"product","2":"type-product","3":"status-publish","4":"has-post-thumbnail","6":"product_cat-caminhoes","7":"product_cat-toco","8":"product_tag-383","9":"product_tag-cargo","10":"product_tag-carroceria","11":"product_tag-ford","12":"product_tag-reduzido","13":"product_tag-toco","15":"first","16":"instock","17":"sale","18":"shipping-taxable","19":"purchasable","20":"product-type-simple","21":"thumb-has-effect","22":"prod-rating-on"},"_links":{"self":[{"href":"https:\/\/giocarcaminhoes.com.br\/index.php?rest_route=\/wp\/v2\/product\/16312","targetHints":{"allow":["GET"]}}],"collection":[{"href":"https:\/\/giocarcaminhoes.com.br\/index.php?rest_route=\/wp\/v2\/product"}],"about":[{"href":"https:\/\/giocarcaminhoes.com.br\/index.php?rest_route=\/wp\/v2\/types\/product"}],"wp:featuredmedia":[{"embeddable":true,"href":"https:\/\/giocarcaminhoes.com.br\/index.php?rest_route=\/wp\/v2\/media\/16314"}],"wp:attachment":[{"href":"https:\/\/giocarcaminhoes.com.br\/index.php?rest_route=%2Fwp%2Fv2%2Fmedia&parent=16312"}],"wp:term":[{"taxonomy":"product_brand","embeddable":true,"href":"https:\/\/giocarcaminhoes.com.br\/index.php?rest_route=%2Fwp%2Fv2%2Fproduct_brand&post=16312"},{"taxonomy":"product_cat","embeddable":true,"href":"https:\/\/giocarcaminhoes.com.br\/index.php?rest_route=%2Fwp%2Fv2%2Fproduct_cat&post=16312"},{"taxonomy":"product_tag","embeddable":true,"href":"https:\/\/giocarcaminhoes.com.br\/index.php?rest_route=%2Fwp%2Fv2%2Fproduct_tag&post=16312"}],"curies":[{"name":"wp","href":"https:\/\/api.w.org\/{rel}","templated":true}]}}