{"id":14559,"date":"2023-12-06T19:43:07","date_gmt":"2023-12-06T19:43:07","guid":{"rendered":"https:\/\/giocarcaminhoes.com.br\/?post_type=product&#038;p=14559"},"modified":"2025-08-11T16:36:20","modified_gmt":"2025-08-11T19:36:20","slug":"scania-highline-streamline-r-440-8x2-carreta-noma","status":"publish","type":"product","link":"https:\/\/giocarcaminhoes.com.br\/?product=scania-highline-streamline-r-440-8x2-carreta-noma","title":{"rendered":"SCANIA HIGHLINE STREAMLINE R 440 8X2 + CARRETA NOMA"},"content":{"rendered":"<h3>Opcionais<\/h3>\n<div dir=\"auto\">\n<ul>\n<li dir=\"auto\">SCANIA HIGHLINE STREAMLINE R 440 A 8&#215;2<\/li>\n<li dir=\"auto\">Ano: 2016<\/li>\n<li dir=\"auto\">Placa: BAN-***5<\/li>\n<li dir=\"auto\">Km: 651.285<\/li>\n<li dir=\"auto\">Todas as reviso\u0303es em dia feitas na concessiona\u0301ria<\/li>\n<li dir=\"auto\">Caminh\u00e3o revisado<\/li>\n<li dir=\"auto\">Cabine Leito<\/li>\n<li dir=\"auto\">Teto Alto<\/li>\n<li dir=\"auto\">Controle velocidade no volante<\/li>\n<li dir=\"auto\">Interclima<\/li>\n<li dir=\"auto\">Ar condicionado<\/li>\n<li dir=\"auto\">Freio Motor<\/li>\n<li dir=\"auto\">Freios a ar<\/li>\n<li dir=\"auto\">Sofa\u0301 Cama<\/li>\n<li dir=\"auto\">Som<\/li>\n<li dir=\"auto\">Multimi\u0301dia<\/li>\n<li dir=\"auto\">4\u00ba Eixo Direcional<\/li>\n<li dir=\"auto\">Pneuma\u0301tico no 4\u00ba eixo<\/li>\n<li dir=\"auto\">Pneuma\u0301tico no truck<\/li>\n<li dir=\"auto\">Pneus Bridgestone<\/li>\n<li dir=\"auto\">Tanque de alumi\u0301nio<\/li>\n<li dir=\"auto\">Motor: 13 Litros &#8211; Proconve Fase 7<\/li>\n<li dir=\"auto\">Turbo Intercooler<\/li>\n<li dir=\"auto\">Cv: 440<\/li>\n<li dir=\"auto\">Transmissa\u0303o: GRS905 com Opticruise 14 velocidades<\/li>\n<li dir=\"auto\">Engatado numa:<\/li>\n<li dir=\"auto\">CARRETA NOMA GRANELEIRA<\/li>\n<li dir=\"auto\">Ano: 2021<\/li>\n<li dir=\"auto\">Placa: RHD-***4<\/li>\n<li dir=\"auto\">3 Eixos<\/li>\n<li dir=\"auto\">13,50m<\/li>\n<li dir=\"auto\">Assoalho de chapa de a\u00e7o<\/li>\n<li dir=\"auto\">5 Tampas<\/li>\n<li dir=\"auto\">Prote\u00e7\u00f5es laterais em alum\u00ednio<\/li>\n<li dir=\"auto\">Freios ABS<\/li>\n<li dir=\"auto\">Pneuma\u0301ticos em dois eixos<\/li>\n<li dir=\"auto\">Equipada com pneus, arcos e lona<\/li>\n<\/ul>\n<\/div>\n<h3>Mais Informa\u00e7\u00f5es<\/h3>\n<p>***R$ 590.000,00 \u00e0 vista ou R$ sob consulta pra receber troca ***<\/p>\n<ul>\n<li><span id=\"j_id_jsp_294599825_1:obs\">Entre em contato que ser\u00e1 uma satisfa\u00e7\u00e3o atend\u00ea-lo!! <\/span><\/li>\n<li><span id=\"j_id_jsp_294599825_1:obs\">Vivo e Whats (46) 99115-3136 Fixo (46) 3223-1122<\/span><\/li>\n<\/ul>\n<a class=\"btn-whats-giocar\" href=\"#\" target=\"_blank\" rel=\"noopener nofollow\"\r\n   style=\"display:inline-block;background:#00006a;color:#fff;padding:12px 18px;border-radius:4px;font-weight:600;text-decoration:none\">\r\n  ENVIAR PROPOSTA DE COMPRA OU TROCA\r\n<\/a>\r\n<script>\r\n(function(){\r\n  var phone = \"5546991153136\";\r\n  var title = document.querySelector(\"h1.product_title,.product_title\")?.textContent?.trim() || document.title;\r\n  var msg = \"Ol\u00e1 pessoal da Giocar, tenho interesse no ve\u00edculo: \" + title + \" \" + location.href;\r\n  var wa  = \"https:\/\/api.whatsapp.com\/send?phone=\" + phone + \"&text=\" + encodeURIComponent(msg);\r\n  document.querySelectorAll(\".btn-whats-giocar\").forEach(function(btn){\r\n    btn.href = wa;\r\n  });\r\n})();\r\n<\/script>\r\n\n<p>&nbsp;<\/p>\n<div id=\"gtx-trans\" style=\"position: absolute; left: -3px; top: 1037.5px;\">\n<div class=\"gtx-trans-icon\"><\/div>\n<\/div>\n","protected":false},"excerpt":{"rendered":"<p>SCANIA HIGHLINE STREAMLINE R 440 A 8&#215;2 Ano: 2016 Placa: BAN-***5 Km: 651.285 Combust\u00edvel: Diesel ENGATADO COM: CARRETA NOMA GRANELEIRA&hellip;<\/p>\n","protected":false},"featured_media":14563,"template":"","meta":{"inline_featured_image":false},"product_brand":[],"product_cat":[48,55,62],"product_tag":[205,210,387,317,388,77,209],"class_list":{"0":"post-14559","1":"product","2":"type-product","3":"status-publish","4":"has-post-thumbnail","6":"product_cat-caminhoes","7":"product_cat-carretas","8":"product_cat-cavalo-mecanico","9":"product_tag-bitruck","10":"product_tag-carreta","11":"product_tag-cavalo","12":"product_tag-highline","13":"product_tag-noma","14":"product_tag-scania","15":"product_tag-truck","17":"first","18":"instock","19":"sale","20":"shipping-taxable","21":"purchasable","22":"product-type-simple","23":"thumb-has-effect","24":"prod-rating-on"},"_links":{"self":[{"href":"https:\/\/giocarcaminhoes.com.br\/index.php?rest_route=\/wp\/v2\/product\/14559","targetHints":{"allow":["GET"]}}],"collection":[{"href":"https:\/\/giocarcaminhoes.com.br\/index.php?rest_route=\/wp\/v2\/product"}],"about":[{"href":"https:\/\/giocarcaminhoes.com.br\/index.php?rest_route=\/wp\/v2\/types\/product"}],"wp:featuredmedia":[{"embeddable":true,"href":"https:\/\/giocarcaminhoes.com.br\/index.php?rest_route=\/wp\/v2\/media\/14563"}],"wp:attachment":[{"href":"https:\/\/giocarcaminhoes.com.br\/index.php?rest_route=%2Fwp%2Fv2%2Fmedia&parent=14559"}],"wp:term":[{"taxonomy":"product_brand","embeddable":true,"href":"https:\/\/giocarcaminhoes.com.br\/index.php?rest_route=%2Fwp%2Fv2%2Fproduct_brand&post=14559"},{"taxonomy":"product_cat","embeddable":true,"href":"https:\/\/giocarcaminhoes.com.br\/index.php?rest_route=%2Fwp%2Fv2%2Fproduct_cat&post=14559"},{"taxonomy":"product_tag","embeddable":true,"href":"https:\/\/giocarcaminhoes.com.br\/index.php?rest_route=%2Fwp%2Fv2%2Fproduct_tag&post=14559"}],"curies":[{"name":"wp","href":"https:\/\/api.w.org\/{rel}","templated":true}]}}